{"id":7104,"date":"2021-05-17T11:13:38","date_gmt":"2021-05-17T14:13:38","guid":{"rendered":"https:\/\/www.lu4aa.org\/wp\/?page_id=7104"},"modified":"2025-07-06T15:34:56","modified_gmt":"2025-07-06T18:34:56","slug":"beneficios-para-socios","status":"publish","type":"page","link":"https:\/\/www.lu4aa.org\/wp\/beneficios-para-socios\/","title":{"rendered":"Beneficios para Socios"},"content":{"rendered":"\n<p class=\"has-medium-font-size\">Los socios Activos, Vitalicios, Familiares y Cadetes cuentan con los siguientes beneficios:<\/p>\n\n\n\n<ul class=\"wp-block-list has-medium-font-size\">\n<li>Todos los <strong><a href=\"https:\/\/www.lu4aa.org\/wp\/tramites-enacom\/\">tr\u00e1mites ante ENACOM<\/a><\/strong> <strong><mark style=\"background-color:rgba(0, 0, 0, 0)\" class=\"has-inline-color has-vivid-green-cyan-color\">sin cargo<\/mark><\/strong>, tanto para renovaciones, gesti\u00f3n de licencias especiales, ascensos de categor\u00eda, etc. Se requiere una antig\u00fcedad m\u00ednima de 6 meses para este beneficio.<\/li>\n\n\n\n<li>Acceso a la exclusiva \u00c1rea de Socios de nuestra web donde encontrar\u00e1:\n<ul class=\"wp-block-list\">\n<li>Los documentos de su licencia emitidos por el ENACOM (si realiz\u00f3 los tr\u00e1mites de obtenci\u00f3n o renovaci\u00f3n a trav\u00e9s del RCA)<\/li>\n\n\n\n<li>Las revistas institucionales de los \u00faltimos 10 a\u00f1os en formato pdf<\/li>\n\n\n\n<li>Un directorio de socios que le permitir\u00e1 contactar a otros socios de su \u00e1rea o con sus mismos intereses<\/li>\n\n\n\n<li>Informaci\u00f3n sobre su membres\u00eda<\/li>\n<\/ul>\n<\/li>\n\n\n\n<li><strong>Cuenta Google Workspace<\/strong><strong><mark style=\"background-color:rgba(0, 0, 0, 0)\" class=\"has-inline-color has-vivid-green-cyan-color\">sin cargo<\/mark><\/strong>, que incluye:\n<ul class=\"wp-block-list\">\n<li>Cuenta de Correo &#x4c;&#73;&#67;E&#x4e;&#x43;&#73;A&#x40;&#x6c;&#117;4a&#x61;&#46;&#111;r&#x67;<\/li>\n\n\n\n<li>Almacenamiento en la nube Drive de 30 GB<\/li>\n\n\n\n<li>Sistema para clases virtuales Classroom<\/li>\n\n\n\n<li>Sistema de teleconferencias Google Meet<\/li>\n\n\n\n<li>m\u00e1s de 50 servicios de Google adicionales entre las cuales se encuentran las herramientas ofim\u00e1ticas para procesamiento de texto, hojas de c\u00e1lculo y presentaciones<\/li>\n<\/ul>\n<\/li>\n\n\n\n<li>Env\u00edo y recepci\u00f3n <strong><mark style=\"background-color:rgba(0, 0, 0, 0)\" class=\"has-inline-color has-vivid-green-cyan-color\">sin cargo<\/mark><\/strong> de tarjetas por el <strong><a href=\"https:\/\/www.lu4aa.org\/wp\/faqs-preguntas-frecuentes\/\" target=\"_blank\" rel=\"noreferrer noopener\">Servicio de Bureau<\/a><\/strong>, tanto QSLs nacionales como internacionales, de acuerdo con la <a href=\"https:\/\/www.lu4aa.org\/wp\/faqs-preguntas-frecuentes\/#politica\" target=\"_blank\" rel=\"noreferrer noopener\"><strong><mark style=\"background-color:rgba(0, 0, 0, 0)\" class=\"has-inline-color has-luminous-vivid-orange-color\">pol\u00edtica de buen uso<\/mark><\/strong><\/a>.<\/li>\n\n\n\n<li>Recepci\u00f3n de la <strong>Revista Institucional<\/strong> trimestral en formato impreso, con notas de inter\u00e9s afines a la radio en general, y a la radioafici\u00f3n en particular<\/li>\n\n\n\n<li>Posibilidad de adherir a <mark style=\"background-color:rgba(0, 0, 0, 0)\" class=\"has-inline-color has-vivid-green-cyan-color\"><strong>precio preferencial<\/strong><\/mark> a un <strong><a href=\"https:\/\/www.lu4aa.org\/wp\/seguro-de-antenas\/\" target=\"_blank\" rel=\"noreferrer noopener\">Seguro de Antenas<\/a><\/strong>, para la estaci\u00f3n de radio propia de cada socio.<\/li>\n\n\n\n<li>Obtenc\u00ed\u00f3n de los <a href=\"https:\/\/www.lu4aa.org\/wp\/certificados\/\" data-type=\"URL\" data-id=\"https:\/\/www.lu4aa.org\/wp\/certificados\/\" target=\"_blank\" rel=\"noreferrer noopener\"><strong>Certificados del Programa Permanente<\/strong><\/a> <strong><mark style=\"background-color:rgba(0, 0, 0, 0)\" class=\"has-inline-color has-vivid-green-cyan-color\">sin cargo<\/mark><\/strong>.<\/li>\n\n\n\n<li><strong>Cursos <mark style=\"background-color:rgba(0, 0, 0, 0)\" class=\"has-inline-color has-vivid-green-cyan-color\">sin cargo<\/mark><\/strong>, de acceso mediante la plataforma Google Classroom.<\/li>\n<\/ul>\n\n\n\n<a class=\"tx-button\" href=\"https:\/\/www.lu4aa.org\/wp\/asociacion-al-rca\/\" target=\"_self\" style=\"color: #ffffff; background-color: #6ca7e0\">\u00a1 ASOCIATE YA AL RCA !<\/a>\n\n\n\n<p class=\"has-medium-font-size\">&nbsp;<a href=\"https:\/\/www.lu4aa.org\/wp\/wp-content\/uploads\/2018\/01\/solicitud-de-asociacion-Familiar.pdf\" target=\"_blank\" rel=\"noreferrer noopener\">Descargar el formulario para socio familiar<\/a><\/p>\n\n\n\n<p class=\"has-medium-font-size\"><a href=\"https:\/\/www.lu4aa.org\/wp\/wp-content\/uploads\/2018\/01\/solicitud-de-asociacion - cadete.pdf\" target=\"_blank\" rel=\"noreferrer noopener\">Descargar el formulario para socio cadete<\/a><\/p>\n","protected":false},"excerpt":{"rendered":"<p>Los socios Activos, Vitalicios, Familiares y Cadetes cuentan con los siguientes beneficios: &nbsp;Descargar el formulario para socio familiar Descargar el formulario para socio cadete<\/p>\n","protected":false},"author":10,"featured_media":0,"parent":0,"menu_order":0,"comment_status":"closed","ping_status":"closed","template":"","meta":{"ngg_post_thumbnail":0,"footnotes":""},"class_list":["post-7104","page","type-page","status-publish","hentry"],"_links":{"self":[{"href":"https:\/\/www.lu4aa.org\/wp\/wp-json\/wp\/v2\/pages\/7104","targetHints":{"allow":["GET"]}}],"collection":[{"href":"https:\/\/www.lu4aa.org\/wp\/wp-json\/wp\/v2\/pages"}],"about":[{"href":"https:\/\/www.lu4aa.org\/wp\/wp-json\/wp\/v2\/types\/page"}],"author":[{"embeddable":true,"href":"https:\/\/www.lu4aa.org\/wp\/wp-json\/wp\/v2\/users\/10"}],"replies":[{"embeddable":true,"href":"https:\/\/www.lu4aa.org\/wp\/wp-json\/wp\/v2\/comments?post=7104"}],"version-history":[{"count":16,"href":"https:\/\/www.lu4aa.org\/wp\/wp-json\/wp\/v2\/pages\/7104\/revisions"}],"predecessor-version":[{"id":25899,"href":"https:\/\/www.lu4aa.org\/wp\/wp-json\/wp\/v2\/pages\/7104\/revisions\/25899"}],"wp:attachment":[{"href":"https:\/\/www.lu4aa.org\/wp\/wp-json\/wp\/v2\/media?parent=7104"}],"curies":[{"name":"wp","href":"https:\/\/api.w.org\/{rel}","templated":true}]}}