{"id":6639,"date":"2020-12-10T10:01:47","date_gmt":"2020-12-10T13:01:47","guid":{"rendered":"https:\/\/www.lu4aa.org\/wp\/?page_id=6639"},"modified":"2025-05-14T12:24:50","modified_gmt":"2025-05-14T15:24:50","slug":"socio-familiar","status":"publish","type":"page","link":"https:\/\/www.lu4aa.org\/wp\/socio-familiar\/","title":{"rendered":"Socio Familiar"},"content":{"rendered":"\n<p class=\"has-text-align-center has-vivid-cyan-blue-color has-text-color has-large-font-size\">\u00a1Qu\u00e9 tu familia descubra la Radioafici\u00f3n y comparta nuestra pasi\u00f3n!<\/p>\n\n\n\n<p class=\"has-medium-font-size\">El Estatuto Social aprobado por la Inspecci\u00f3n General de Justicia en 2017 prev\u00e9 una nueva categor\u00eda de socio, el familiar.<\/p>\n\n\n\n<p class=\"has-medium-font-size\">Con esta categor\u00eda, pueden ser socios del RCA los c\u00f3nyuges e hijos menores de 25 a\u00f1os de los socios activos o vitalicios.<\/p>\n\n\n\n<p class=\"has-medium-font-size\">Los socios familiares reciben el servicio de bureau para sus se\u00f1ales distintivas y participan de la vida del RCA.<\/p>\n\n\n\n<p class=\"has-medium-font-size\">Junto con el <a href=\"https:\/\/www.lu4aa.org\/wp\/certificado-de-radioescucha\/\" target=\"_blank\" rel=\"noreferrer noopener\">certificado de radioescucha<\/a> es una puerta de ingreso a la actividad y una herramienta para que toda la familia comparta la pasi\u00f3n por la radio.<\/p>\n\n\n\n<p class=\"has-medium-font-size\">Un socio activo o vitalicio puede incorporar todos los socios familiares que desee por una \u00fanica cuota adicional de $500 mensuales (en 2023), independientemente del n\u00famero de familiares.<\/p>\n\n\n\n<p class=\"has-medium-font-size\">Para mayor informaci\u00f3n y consultas, <a href=\"m&#97;&#x69;&#x6c;t&#111;&#x3a;&#x73;e&#99;&#114;&#x65;&#x74;a&#114;&#x69;&#x61;&#64;&#108;&#x75;&#x34;a&#97;&#46;&#x6f;&#x72;g\">secret&#97;&#114;&#105;&#97;&#64;&#108;&#117;&#x34;&#x61;&#x61;&#x2e;&#x6f;&#x72;&#x67;<\/a><\/p>\n\n\n\n<p class=\"has-text-align-center has-large-font-size\"><a href=\"https:\/\/www.lu4aa.org\/wp\/wp-content\/uploads\/2025\/05\/solicitud-de-asociacion-Familiar.pdf\" target=\"_blank\" rel=\"noreferrer noopener\">Descargar el formulario para socio familiar<\/a><\/p>\n","protected":false},"excerpt":{"rendered":"<p>\u00a1Qu\u00e9 tu familia descubra la Radioafici\u00f3n y comparta nuestra pasi\u00f3n! El Estatuto Social aprobado por la Inspecci\u00f3n General de Justicia en 2017 prev\u00e9 una nueva categor\u00eda de socio, el familiar. Con esta<a class=\"moretag\" href=\"https:\/\/www.lu4aa.org\/wp\/socio-familiar\/\">Leer m\u00e1s&#8230;<\/a><\/p>\n","protected":false},"author":10,"featured_media":5699,"parent":0,"menu_order":0,"comment_status":"closed","ping_status":"closed","template":"","meta":{"ngg_post_thumbnail":0,"footnotes":""},"class_list":["post-6639","page","type-page","status-publish","has-post-thumbnail","hentry"],"_links":{"self":[{"href":"https:\/\/www.lu4aa.org\/wp\/wp-json\/wp\/v2\/pages\/6639","targetHints":{"allow":["GET"]}}],"collection":[{"href":"https:\/\/www.lu4aa.org\/wp\/wp-json\/wp\/v2\/pages"}],"about":[{"href":"https:\/\/www.lu4aa.org\/wp\/wp-json\/wp\/v2\/types\/page"}],"author":[{"embeddable":true,"href":"https:\/\/www.lu4aa.org\/wp\/wp-json\/wp\/v2\/users\/10"}],"replies":[{"embeddable":true,"href":"https:\/\/www.lu4aa.org\/wp\/wp-json\/wp\/v2\/comments?post=6639"}],"version-history":[{"count":6,"href":"https:\/\/www.lu4aa.org\/wp\/wp-json\/wp\/v2\/pages\/6639\/revisions"}],"predecessor-version":[{"id":25632,"href":"https:\/\/www.lu4aa.org\/wp\/wp-json\/wp\/v2\/pages\/6639\/revisions\/25632"}],"wp:featuredmedia":[{"embeddable":true,"href":"https:\/\/www.lu4aa.org\/wp\/wp-json\/wp\/v2\/media\/5699"}],"wp:attachment":[{"href":"https:\/\/www.lu4aa.org\/wp\/wp-json\/wp\/v2\/media?parent=6639"}],"curies":[{"name":"wp","href":"https:\/\/api.w.org\/{rel}","templated":true}]}}