{"id":4943,"date":"2018-07-27T15:16:37","date_gmt":"2018-07-27T18:16:37","guid":{"rendered":"https:\/\/www.lu4aa.org\/wp\/?page_id=4943"},"modified":"2018-08-06T19:33:55","modified_gmt":"2018-08-06T22:33:55","slug":"monitoreo-docs","status":"publish","type":"page","link":"https:\/\/www.lu4aa.org\/wp\/monitoreo-docs\/","title":{"rendered":"Sistema de Monitoreo de IARU \u2013 IARUMS"},"content":{"rendered":"<div class=\"tx-heading\" style=\"margin-bottom:24px; text-align: left;\"><h2 class=\"tx-heading-tag\" style=\"font-size:24px;\">Documentos<\/h2><\/div>\nEl Sistema de Monitoreo de IARU tiene una larga trayectoria y ha producido mucha y muy buena documentaci\u00f3n sobre el tema.<\/p>\n<p>Esta secci\u00f3n contiene la informaci\u00f3n m\u00e1s importante producida hasta la fecha por colegas de las tres regiones. Lo invitamos a descargarla y leerla.<\/p>\n<ul>\n<li><a href=\"https:\/\/www.lu4aa.org\/wp\/wp-content\/uploads\/2018\/07\/IARUMS-Region2-Presentacion.ppsx\" target=\"_blank\" rel=\"noopener\">Presentaci\u00f3n PowerPoint<\/a><\/li>\n<\/ul>\n<ul>\n<li><a href=\"https:\/\/www.lu4aa.org\/wp\/wp-content\/uploads\/2018\/07\/IARU-Region2-Sistema-de-Monitoreo-Que-es-Preguntas-Frecuentes.pdf\" target=\"_blank\" rel=\"noopener\">Qu\u00e9 es el Sistema de Monitoreo y preguntas frecuentes<\/a><\/li>\n<li><a href=\"https:\/\/www.lu4aa.org\/wp\/wp-content\/uploads\/2018\/07\/IARU-Region2-Sistema-de-Monitoreo-Estructura-caracter\u00edsticas-y-funciones.pdf\" target=\"_blank\" rel=\"noopener\">Estructura, caracter\u00edsticas y funciones<\/a><\/li>\n<\/ul>\n<ul>\n<li><a href=\"https:\/\/www.lu4aa.org\/wp\/wp-content\/uploads\/2018\/07\/IARU-Region2-Sistema-de-Monitoreo-Manual-Operativo.pdf\" target=\"_blank\" rel=\"noopener\">Manual Operativo del Sistema de Monitoreo de IARU Regi\u00f3n 2<\/a><\/li>\n<li><a href=\"https:\/\/www.lu4aa.org\/wp\/wp-content\/uploads\/2018\/07\/RCA-Documento-Base-del-Sistema-Nacional-de-Monitoreo.pdf\" target=\"_blank\" rel=\"noopener\">Documento Base del Sistema Nacional de Monitoreo del RCA<\/a><\/li>\n<\/ul>\n<ul>\n<li><a href=\"https:\/\/www.lu4aa.org\/wp\/wp-content\/uploads\/2018\/07\/IARU-Region2-Sistema-de-Monitoreo-Perfil-del-Coordinador-Nacional.pdf\" target=\"_blank\" rel=\"noopener\">Perfil del Coordinador<\/a><\/li>\n<li><a href=\"https:\/\/www.lu4aa.org\/wp\/wp-content\/uploads\/2018\/07\/IARU-Region2-Sistema-de-Monitoreo-Perfil-del-Observador-Voluntario.pdf\" target=\"_blank\" rel=\"noopener\">Perfil del Observador voluntario<\/a><\/li>\n<li><a href=\"https:\/\/www.lu4aa.org\/wp\/wp-content\/uploads\/2018\/08\/IARU-Region2-Sistema-de-Monitoreo-Formulario-Inscripcion.pdf\" target=\"_blank\" rel=\"noopener\">Formulario de Inscripci\u00f3n al Sistema Nacional de Monitoreo<\/a><\/li>\n<\/ul>\n","protected":false},"excerpt":{"rendered":"<p>El Sistema de Monitoreo de IARU tiene una larga trayectoria y ha producido mucha y muy buena documentaci\u00f3n sobre el tema. Esta secci\u00f3n contiene la informaci\u00f3n m\u00e1s importante producida hasta la fecha<a class=\"moretag\" href=\"https:\/\/www.lu4aa.org\/wp\/monitoreo-docs\/\">Leer m\u00e1s&#8230;<\/a><\/p>\n","protected":false},"author":4,"featured_media":0,"parent":0,"menu_order":0,"comment_status":"closed","ping_status":"closed","template":"","meta":{"ngg_post_thumbnail":0,"footnotes":""},"class_list":["post-4943","page","type-page","status-publish","hentry"],"_links":{"self":[{"href":"https:\/\/www.lu4aa.org\/wp\/wp-json\/wp\/v2\/pages\/4943","targetHints":{"allow":["GET"]}}],"collection":[{"href":"https:\/\/www.lu4aa.org\/wp\/wp-json\/wp\/v2\/pages"}],"about":[{"href":"https:\/\/www.lu4aa.org\/wp\/wp-json\/wp\/v2\/types\/page"}],"author":[{"embeddable":true,"href":"https:\/\/www.lu4aa.org\/wp\/wp-json\/wp\/v2\/users\/4"}],"replies":[{"embeddable":true,"href":"https:\/\/www.lu4aa.org\/wp\/wp-json\/wp\/v2\/comments?post=4943"}],"version-history":[{"count":11,"href":"https:\/\/www.lu4aa.org\/wp\/wp-json\/wp\/v2\/pages\/4943\/revisions"}],"predecessor-version":[{"id":4992,"href":"https:\/\/www.lu4aa.org\/wp\/wp-json\/wp\/v2\/pages\/4943\/revisions\/4992"}],"wp:attachment":[{"href":"https:\/\/www.lu4aa.org\/wp\/wp-json\/wp\/v2\/media?parent=4943"}],"curies":[{"name":"wp","href":"https:\/\/api.w.org\/{rel}","templated":true}]}}