{"id":460,"date":"2015-03-15T11:17:15","date_gmt":"2015-03-15T14:17:15","guid":{"rendered":"https:\/\/www.lu4aa.org\/wp\/?page_id=460"},"modified":"2017-05-08T12:00:19","modified_gmt":"2017-05-08T15:00:19","slug":"cuadro-de-honor","status":"publish","type":"page","link":"https:\/\/www.lu4aa.org\/wp\/cuadro-de-honor\/","title":{"rendered":"Cuadro de Honor"},"content":{"rendered":"<p>El <em>Cuadro de Honor de DX<\/em> del Radio Club Argentino tiene por finalidad reconocer la trayectoria de los radioaficionados de nuestro pa\u00eds que se dedican a esta apasionante faceta de nuestra actividad, e incentivar a todos aquellos que se inicien en ella.<\/p>\n<p>Invitamos a todos los colegas argentinos amantes del DX a participar.<\/p>\n<p>A partir del 1\u00b0 de mayo de 2017, el ingreso es autom\u00e1tico con la solicitud del certificado 101 Pa\u00edses.<\/p>\n<p>El Reglamento del <em>Cuadro de Honor de DX<\/em> del RCA puede descargarse haciendo <a href=\"https:\/\/www.lu4aa.org\/wp\/wp-content\/uploads\/2017\/05\/bases-cuadro-de-honor-de-dx.pdf\" target=\"_blank\" rel=\"noopener noreferrer\">clic aqu\u00ed<\/a>.<\/p>\n<div class=\"omsc-accordion omsc-multiopen\">\n<div class=\"omsc-toggle omsc-expanded\"><div class=\"omsc-toggle-title\">Mixto<\/div><div class=\"omsc-toggle-inner\" style=\"display:block\">\n\n<table id=\"tablepress-7\" class=\"tablepress tablepress-id-7\">\n<thead>\n<tr class=\"row-1\">\n\t<th class=\"column-1\">Puesto<\/th><th class=\"column-2\">Apellido y Nombre<\/th><th class=\"column-3\">Se\u00f1al Distintiva<\/th><th class=\"column-4\">Entidades<\/th>\n<\/tr>\n<\/thead>\n<tbody class=\"row-striping row-hover\">\n<tr class=\"row-2\">\n\t<td class=\"column-1\">1<\/td><td class=\"column-2\">Gonz\u00e1lez Gavio, Roberto<\/td><td class=\"column-3\">LU3CQ<\/td><td class=\"column-4\">340\/357<\/td>\n<\/tr>\n<tr class=\"row-3\">\n\t<td class=\"column-1\">2<\/td><td class=\"column-2\">Villafa\u00f1e, H\u00e9ctor Oscar<\/td><td class=\"column-3\">LU1DOW<\/td><td class=\"column-4\">340\/352<\/td>\n<\/tr>\n<tr class=\"row-4\">\n\t<td class=\"column-1\">3<\/td><td class=\"column-2\">Salom, Diego<\/td><td class=\"column-3\">LU8ADX<\/td><td class=\"column-4\">340\/345<\/td>\n<\/tr>\n<tr class=\"row-5\">\n\t<td class=\"column-1\">4<\/td><td class=\"column-2\">Giorda, Rene Ernesto <\/td><td class=\"column-3\">LU7HN<\/td><td class=\"column-4\">340\/344<\/td>\n<\/tr>\n<tr class=\"row-6\">\n\t<td class=\"column-1\">5<\/td><td class=\"column-2\">Rubio, Sebasti\u00e1n<\/td><td class=\"column-3\">LU4FPZ<\/td><td class=\"column-4\">339\/343<\/td>\n<\/tr>\n<tr class=\"row-7\">\n\t<td class=\"column-1\">6<\/td><td class=\"column-2\">Wilches, Manuel<\/td><td class=\"column-3\">LU5OM<\/td><td class=\"column-4\">335\/339<\/td>\n<\/tr>\n<tr class=\"row-8\">\n\t<td class=\"column-1\">7<\/td><td class=\"column-2\">Sawon, Ricardo<\/td><td class=\"column-3\">LU2DX<\/td><td class=\"column-4\">330\/341<\/td>\n<\/tr>\n<tr class=\"row-9\">\n\t<td class=\"column-1\">8<\/td><td class=\"column-2\">Murano, Jos\u00e9 Luis<br \/>\n<\/td><td class=\"column-3\">LU1FM<\/td><td class=\"column-4\">327\/333<\/td>\n<\/tr>\n<tr class=\"row-10\">\n\t<td class=\"column-1\">9<\/td><td class=\"column-2\">Campos, Jose Eduardo<\/td><td class=\"column-3\">LU7DIR<\/td><td class=\"column-4\">326\/330<\/td>\n<\/tr>\n<tr class=\"row-11\">\n\t<td class=\"column-1\">10<\/td><td class=\"column-2\">Macoratti, Carlos Alberto<\/td><td class=\"column-3\">LU7MC<\/td><td class=\"column-4\">300\/300<\/td>\n<\/tr>\n<tr class=\"row-12\">\n\t<td class=\"column-1\">11<\/td><td class=\"column-2\">Durando, Fernando Andres<\/td><td class=\"column-3\">LU6FOV<\/td><td class=\"column-4\">299\/299<\/td>\n<\/tr>\n<tr class=\"row-13\">\n\t<td class=\"column-1\">12<\/td><td class=\"column-2\">Silvani, Dario Osvaldo<\/td><td class=\"column-3\">LU7DUE<\/td><td class=\"column-4\">289\/292<\/td>\n<\/tr>\n<tr class=\"row-14\">\n\t<td class=\"column-1\">13<\/td><td class=\"column-2\">Cruz, Ruben Oscar<\/td><td class=\"column-3\">LW6EQG<\/td><td class=\"column-4\">270\/270<\/td>\n<\/tr>\n<tr class=\"row-15\">\n\t<td class=\"column-1\">14<\/td><td class=\"column-2\">Navarro, Gustavo<\/td><td class=\"column-3\">LU6VEK<\/td><td class=\"column-4\">238\/238<\/td>\n<\/tr>\n<tr class=\"row-16\">\n\t<td class=\"column-1\">15<\/td><td class=\"column-2\">Sala, Diego Mart\u00edn<\/td><td class=\"column-3\">LU4FW<\/td><td class=\"column-4\">235\/236<\/td>\n<\/tr>\n<tr class=\"row-17\">\n\t<td class=\"column-1\">16<\/td><td class=\"column-2\">Cilmi, Horacio<\/td><td class=\"column-3\">LU5BE<\/td><td class=\"column-4\">230\/232<\/td>\n<\/tr>\n<tr class=\"row-18\">\n\t<td class=\"column-1\">17<\/td><td class=\"column-2\">Stefania, Felipe<\/td><td class=\"column-3\">LU4FTA<\/td><td class=\"column-4\">222\/222<\/td>\n<\/tr>\n<tr class=\"row-19\">\n\t<td class=\"column-1\">18<\/td><td class=\"column-2\">Moretti, Pablo Augusto<\/td><td class=\"column-3\">LU7MT<\/td><td class=\"column-4\">213\/213<\/td>\n<\/tr>\n<tr class=\"row-20\">\n\t<td class=\"column-1\">19<\/td><td class=\"column-2\">Alonso, Leticia<\/td><td class=\"column-3\">LU5ILA<\/td><td class=\"column-4\">205\/205<\/td>\n<\/tr>\n<tr class=\"row-21\">\n\t<td class=\"column-1\">20<\/td><td class=\"column-2\">Mazzier, Hector<\/td><td class=\"column-3\">LU3CM<\/td><td class=\"column-4\">203\/203<\/td>\n<\/tr>\n<tr class=\"row-22\">\n\t<td class=\"column-1\">21<\/td><td class=\"column-2\">Gigena, Daniel Fabian<br \/>\n<\/td><td class=\"column-3\">LU1HK<\/td><td class=\"column-4\">198\/199<\/td>\n<\/tr>\n<tr class=\"row-23\">\n\t<td class=\"column-1\">22<\/td><td class=\"column-2\">Sapienza, \u00c1ngel Cayetano<\/td><td class=\"column-3\">LU6DC<\/td><td class=\"column-4\">186\/186<\/td>\n<\/tr>\n<tr class=\"row-24\">\n\t<td class=\"column-1\">23<\/td><td class=\"column-2\">Basile, Mario Jos\u00e9<\/td><td class=\"column-3\">LU3DDH<\/td><td class=\"column-4\">180\/181<\/td>\n<\/tr>\n<tr class=\"row-25\">\n\t<td class=\"column-1\">24<\/td><td class=\"column-2\">Ahumada Yuste, Franco Emanuel<\/td><td class=\"column-3\">LU2PWY<\/td><td class=\"column-4\">163\/163<\/td>\n<\/tr>\n<tr class=\"row-26\">\n\t<td class=\"column-1\">25<\/td><td class=\"column-2\">Ortiz, Jorge<\/td><td class=\"column-3\">LU6HI<\/td><td class=\"column-4\">162\/163<\/td>\n<\/tr>\n<tr class=\"row-27\">\n\t<td class=\"column-1\">26<\/td><td class=\"column-2\">Tapia, Alejandro Miguel<\/td><td class=\"column-3\">LW7HT<\/td><td class=\"column-4\">140\/140<\/td>\n<\/tr>\n<tr class=\"row-28\">\n\t<td class=\"column-1\">27<\/td><td class=\"column-2\">Suarez, Ricardo<\/td><td class=\"column-3\">LU9DA<\/td><td class=\"column-4\">132\/132<\/td>\n<\/tr>\n<tr class=\"row-29\">\n\t<td class=\"column-1\">28<\/td><td class=\"column-2\">Gallo, Eduardo<\/td><td class=\"column-3\">LU9DX<\/td><td class=\"column-4\">130\/130<\/td>\n<\/tr>\n<tr class=\"row-30\">\n\t<td class=\"column-1\">29<\/td><td class=\"column-2\">Omar, Jaime Alejandro<\/td><td class=\"column-3\">LU7EXX<\/td><td class=\"column-4\">113\/113<\/td>\n<\/tr>\n<tr class=\"row-31\">\n\t<td class=\"column-1\">30<\/td><td class=\"column-2\">Sacco, Mario Guillermo<\/td><td class=\"column-3\">LU6DPP<\/td><td class=\"column-4\">112\/112<\/td>\n<\/tr>\n<tr class=\"row-32\">\n\t<td class=\"column-1\">31<\/td><td class=\"column-2\">Donadia, Gabriel E.<\/td><td class=\"column-3\">LU7DD<\/td><td class=\"column-4\">107\/107<\/td>\n<\/tr>\n<tr class=\"row-33\">\n\t<td class=\"column-1\">32<\/td><td class=\"column-2\">Suarez, Jorge<\/td><td class=\"column-3\">LU9WT<\/td><td class=\"column-4\">106\/106<\/td>\n<\/tr>\n<tr class=\"row-34\">\n\t<td class=\"column-1\">33<\/td><td class=\"column-2\">Decoud, Juan Carlos <\/td><td class=\"column-3\">LU9DDJ<\/td><td class=\"column-4\">103\/103<\/td>\n<\/tr>\n<tr class=\"row-35\">\n\t<td class=\"column-1\">34<\/td><td class=\"column-2\">Parra, Sergio<\/td><td class=\"column-3\">LU4VSD<\/td><td class=\"column-4\">101\/101<\/td>\n<\/tr>\n<tr class=\"row-36\">\n\t<td class=\"column-1\">35<\/td><td class=\"column-2\">Viva, Mariano<br \/>\n<\/td><td class=\"column-3\">LU4EJ<br \/>\n<\/td><td class=\"column-4\">100\/102<\/td>\n<\/tr>\n<tr class=\"row-37\">\n\t<td class=\"column-1\"><\/td><td class=\"column-2\"><\/td><td class=\"column-3\"><\/td><td class=\"column-4\"><\/td>\n<\/tr>\n<tr class=\"row-38\">\n\t<td class=\"column-1\"><\/td><td class=\"column-2\"><\/td><td class=\"column-3\"><\/td><td class=\"column-4\"><\/td>\n<\/tr>\n<\/tbody>\n<\/table>\n<!-- #tablepress-7 from cache -->\n<\/div><\/div>\n<div class=\"omsc-toggle\"><div class=\"omsc-toggle-title\">Fone<\/div><div class=\"omsc-toggle-inner\">\n\n<table id=\"tablepress-8\" class=\"tablepress tablepress-id-8\">\n<thead>\n<tr class=\"row-1\">\n\t<th class=\"column-1\">Puesto<\/th><th class=\"column-2\">Apellido y Nombre<\/th><th class=\"column-3\">Se\u00f1al Distintiva<\/th><th class=\"column-4\">Entidades<\/th>\n<\/tr>\n<\/thead>\n<tbody class=\"row-striping row-hover\">\n<tr class=\"row-2\">\n\t<td class=\"column-1\">1<\/td><td class=\"column-2\">Gili, Emilio<\/td><td class=\"column-3\">LU3MCJ<\/td><td class=\"column-4\">340\/352<\/td>\n<\/tr>\n<tr class=\"row-3\">\n\t<td class=\"column-1\">2<\/td><td class=\"column-2\">Montag de Hendlin, Ivonne Marta<\/td><td class=\"column-3\">LU1JDL<\/td><td class=\"column-4\">340\/351<\/td>\n<\/tr>\n<tr class=\"row-4\">\n\t<td class=\"column-1\">3<\/td><td class=\"column-2\">Ribas Meneclier, Carlos <\/td><td class=\"column-3\">LU2NI<\/td><td class=\"column-4\">340\/349<\/td>\n<\/tr>\n<tr class=\"row-5\">\n\t<td class=\"column-1\">4<\/td><td class=\"column-2\">Dours, Daniel Alfredo<\/td><td class=\"column-3\">LU2DD<\/td><td class=\"column-4\">340\/346<\/td>\n<\/tr>\n<tr class=\"row-6\">\n\t<td class=\"column-1\">5<\/td><td class=\"column-2\">Giorda, Rene Ernesto<\/td><td class=\"column-3\">LU7HN<\/td><td class=\"column-4\">340\/344<\/td>\n<\/tr>\n<tr class=\"row-7\">\n\t<td class=\"column-1\">6<\/td><td class=\"column-2\">Gonz\u00e1lez Gavio, Roberto<\/td><td class=\"column-3\">LU3CQ<\/td><td class=\"column-4\">339\/356<\/td>\n<\/tr>\n<tr class=\"row-8\">\n\t<td class=\"column-1\">7<\/td><td class=\"column-2\">Salom, Diego<\/td><td class=\"column-3\">LU8ADX<\/td><td class=\"column-4\">339\/344<\/td>\n<\/tr>\n<tr class=\"row-9\">\n\t<td class=\"column-1\">8<\/td><td class=\"column-2\">Szama, Reinaldo<\/td><td class=\"column-3\">LU2AH<\/td><td class=\"column-4\">338\/354<\/td>\n<\/tr>\n<tr class=\"row-10\">\n\t<td class=\"column-1\">9<\/td><td class=\"column-2\">Villar, Hugo<\/td><td class=\"column-3\">LU4DR<\/td><td class=\"column-4\">335\/342<\/td>\n<\/tr>\n<tr class=\"row-11\">\n\t<td class=\"column-1\">10<\/td><td class=\"column-2\">Fernandez, Claudio<\/td><td class=\"column-3\">LU7DW<\/td><td class=\"column-4\">333\/339<\/td>\n<\/tr>\n<tr class=\"row-12\">\n\t<td class=\"column-1\">11<\/td><td class=\"column-2\">Rubio, Sebasti\u00e1n<\/td><td class=\"column-3\">LU4FPZ<\/td><td class=\"column-4\">332\/336<\/td>\n<\/tr>\n<tr class=\"row-13\">\n\t<td class=\"column-1\">12<\/td><td class=\"column-2\">Ver\u00f3n, Julio D.<\/td><td class=\"column-3\">LU6DU<\/td><td class=\"column-4\">327\/335<\/td>\n<\/tr>\n<tr class=\"row-14\">\n\t<td class=\"column-1\">13<\/td><td class=\"column-2\">Gamazo, Eduardo Enrique<\/td><td class=\"column-3\">LU2DSL<\/td><td class=\"column-4\">326\/341<\/td>\n<\/tr>\n<tr class=\"row-15\">\n\t<td class=\"column-1\">14<\/td><td class=\"column-2\">Gurini, Mauricio<\/td><td class=\"column-3\">LU7DR<\/td><td class=\"column-4\">326\/330<\/td>\n<\/tr>\n<tr class=\"row-16\">\n\t<td class=\"column-1\">15<\/td><td class=\"column-2\">G\u00f3mez, Luis Alberto<\/td><td class=\"column-3\">LU1BR<\/td><td class=\"column-4\">325\/350<\/td>\n<\/tr>\n<tr class=\"row-17\">\n\t<td class=\"column-1\">16<\/td><td class=\"column-2\">Pol,  Alfonso<\/td><td class=\"column-3\">LU1ALF<\/td><td class=\"column-4\">324\/332<\/td>\n<\/tr>\n<tr class=\"row-18\">\n\t<td class=\"column-1\">17<\/td><td class=\"column-2\">Men\u00e9ndez, H\u00e9ctor Rub\u00e9n<\/td><td class=\"column-3\">LU1DHM<\/td><td class=\"column-4\">320\/322<\/td>\n<\/tr>\n<tr class=\"row-19\">\n\t<td class=\"column-1\">18<\/td><td class=\"column-2\">Almir\u00f3n, Carlos Alberto<\/td><td class=\"column-3\">LU7DSY<\/td><td class=\"column-4\">319\/325<\/td>\n<\/tr>\n<tr class=\"row-20\">\n\t<td class=\"column-1\">19<\/td><td class=\"column-2\">Margoni, Osmar<\/td><td class=\"column-3\">LU8DWR<\/td><td class=\"column-4\">316\/321<\/td>\n<\/tr>\n<tr class=\"row-21\">\n\t<td class=\"column-1\">20<\/td><td class=\"column-2\">Krienke, Jorge <\/td><td class=\"column-3\">LU5VV<\/td><td class=\"column-4\">301\/305<\/td>\n<\/tr>\n<tr class=\"row-22\">\n\t<td class=\"column-1\">21<\/td><td class=\"column-2\">Sanchez Abrego, Dario <\/td><td class=\"column-3\">LU3DR<\/td><td class=\"column-4\">293\/300<\/td>\n<\/tr>\n<tr class=\"row-23\">\n\t<td class=\"column-1\">22<\/td><td class=\"column-2\">Macoratti, Carlos Alberto<\/td><td class=\"column-3\">LU7MC<\/td><td class=\"column-4\">287\/287<\/td>\n<\/tr>\n<tr class=\"row-24\">\n\t<td class=\"column-1\">23<\/td><td class=\"column-2\">Basile, Mario Jos\u00e9<\/td><td class=\"column-3\">LU3DDH<\/td><td class=\"column-4\">273\/273<\/td>\n<\/tr>\n<tr class=\"row-25\">\n\t<td class=\"column-1\">24<\/td><td class=\"column-2\">Chelle, Luis Alberto<\/td><td class=\"column-3\">LU2AJW<\/td><td class=\"column-4\">272\/277<\/td>\n<\/tr>\n<tr class=\"row-26\">\n\t<td class=\"column-1\">25<\/td><td class=\"column-2\">Durando, Fernando Andres<\/td><td class=\"column-3\">LU6FOV<\/td><td class=\"column-4\">269\/272<\/td>\n<\/tr>\n<tr class=\"row-27\">\n\t<td class=\"column-1\">26<\/td><td class=\"column-2\">Bruno, Carlos Luis<\/td><td class=\"column-3\">LU1FKR<\/td><td class=\"column-4\">233\/233<\/td>\n<\/tr>\n<tr class=\"row-28\">\n\t<td class=\"column-1\">27<\/td><td class=\"column-2\">Silvani, Dario Osvaldo <\/td><td class=\"column-3\">LU7DUE<\/td><td class=\"column-4\">230\/233<\/td>\n<\/tr>\n<tr class=\"row-29\">\n\t<td class=\"column-1\">28<\/td><td class=\"column-2\">Sagastume, Ricardo<\/td><td class=\"column-3\">LU1DCH<\/td><td class=\"column-4\">224\/233<\/td>\n<\/tr>\n<tr class=\"row-30\">\n\t<td class=\"column-1\">29<\/td><td class=\"column-2\">Morello, Oscar Luis<\/td><td class=\"column-3\">LU6EK<\/td><td class=\"column-4\">211\/213<\/td>\n<\/tr>\n<tr class=\"row-31\">\n\t<td class=\"column-1\">30<\/td><td class=\"column-2\">Lopez Amaya Pablo<\/td><td class=\"column-3\">LU8EV<\/td><td class=\"column-4\">193\/193<\/td>\n<\/tr>\n<tr class=\"row-32\">\n\t<td class=\"column-1\">31<\/td><td class=\"column-2\">Pavelka, Roberto<\/td><td class=\"column-3\">LU8WBK<\/td><td class=\"column-4\">176\/177<\/td>\n<\/tr>\n<tr class=\"row-33\">\n\t<td class=\"column-1\">32<\/td><td class=\"column-2\">Sapienza, \u00c1ngel Cayetano<\/td><td class=\"column-3\">LU6DC<\/td><td class=\"column-4\">176\/176<\/td>\n<\/tr>\n<tr class=\"row-34\">\n\t<td class=\"column-1\">33<\/td><td class=\"column-2\">De la Rosa, Roberto Antonio<br \/>\n<\/td><td class=\"column-3\">LU6KA<br \/>\n<\/td><td class=\"column-4\">133\/133<\/td>\n<\/tr>\n<tr class=\"row-35\">\n\t<td class=\"column-1\">34<\/td><td class=\"column-2\">Ramirez, Jorge<\/td><td class=\"column-3\">LW6DJ<\/td><td class=\"column-4\">128\/128<\/td>\n<\/tr>\n<tr class=\"row-36\">\n\t<td class=\"column-1\">35<\/td><td class=\"column-2\">Suarez, Ricardo<\/td><td class=\"column-3\">LU9DA<\/td><td class=\"column-4\">112\/112<\/td>\n<\/tr>\n<tr class=\"row-37\">\n\t<td class=\"column-1\">36<\/td><td class=\"column-2\">Cruz, Ruben Oscar<\/td><td class=\"column-3\">LW6EQG<\/td><td class=\"column-4\">105\/105<\/td>\n<\/tr>\n<tr class=\"row-38\">\n\t<td class=\"column-1\">37<\/td><td class=\"column-2\">Sarli, Pedro Mat\u00edas Mar\u00eda<\/td><td class=\"column-3\">LU1JHF<\/td><td class=\"column-4\">101\/101<\/td>\n<\/tr>\n<\/tbody>\n<\/table>\n<!-- #tablepress-8 from cache -->\n<\/div><\/div>\n<div class=\"omsc-toggle\"><div class=\"omsc-toggle-title\">CW<\/div><div class=\"omsc-toggle-inner\">\n\n<table id=\"tablepress-9\" class=\"tablepress tablepress-id-9\">\n<thead>\n<tr class=\"row-1\">\n\t<th class=\"column-1\">Puesto<\/th><th class=\"column-2\">Apellido y Nombre<\/th><th class=\"column-3\">Se\u00f1al Distintiva<\/th><th class=\"column-4\">Entidades<\/th>\n<\/tr>\n<\/thead>\n<tbody class=\"row-striping row-hover\">\n<tr class=\"row-2\">\n\t<td class=\"column-1\">1<\/td><td class=\"column-2\">Villafa\u00f1e, H\u00e9ctor Oscar<br \/>\n<\/td><td class=\"column-3\">LU1DOW<\/td><td class=\"column-4\">338\/350<\/td>\n<\/tr>\n<tr class=\"row-3\">\n\t<td class=\"column-1\">2<\/td><td class=\"column-2\">Giorda, Ren\u00e9 Ernesto <\/td><td class=\"column-3\">LU7HN<\/td><td class=\"column-4\">336\/340<\/td>\n<\/tr>\n<tr class=\"row-4\">\n\t<td class=\"column-1\">3<\/td><td class=\"column-2\">Rubio, Sebasti\u00e1n<\/td><td class=\"column-3\">LU4FPZ<\/td><td class=\"column-4\">334\/337<\/td>\n<\/tr>\n<tr class=\"row-5\">\n\t<td class=\"column-1\">4<\/td><td class=\"column-2\">Wilches, Manuel<\/td><td class=\"column-3\">LU5OM<\/td><td class=\"column-4\">332\/335<\/td>\n<\/tr>\n<tr class=\"row-6\">\n\t<td class=\"column-1\">5<\/td><td class=\"column-2\">Campos, Jos\u00e9 Eduardo <\/td><td class=\"column-3\">LU7DIR<\/td><td class=\"column-4\">326\/330<\/td>\n<\/tr>\n<tr class=\"row-7\">\n\t<td class=\"column-1\">6<\/td><td class=\"column-2\">Sawon, Ricardo<\/td><td class=\"column-3\">LU2DX<\/td><td class=\"column-4\">317\/327<\/td>\n<\/tr>\n<tr class=\"row-8\">\n\t<td class=\"column-1\">7<\/td><td class=\"column-2\">Krienke, Jorge<\/td><td class=\"column-3\">LU5VV<\/td><td class=\"column-4\">313\/316<\/td>\n<\/tr>\n<tr class=\"row-9\">\n\t<td class=\"column-1\">8<\/td><td class=\"column-2\">Campastri, Osvaldo Carlos<\/td><td class=\"column-3\">LU4DGX<\/td><td class=\"column-4\">308\/311<\/td>\n<\/tr>\n<tr class=\"row-10\">\n\t<td class=\"column-1\">9<\/td><td class=\"column-2\">Peralta, Osvaldo Daniel<\/td><td class=\"column-3\">LU3MAM<\/td><td class=\"column-4\">286\/286<\/td>\n<\/tr>\n<tr class=\"row-11\">\n\t<td class=\"column-1\">10<\/td><td class=\"column-2\">Fern\u00e1ndez, Claudio<\/td><td class=\"column-3\">LU7DW<\/td><td class=\"column-4\">278\/282<\/td>\n<\/tr>\n<tr class=\"row-12\">\n\t<td class=\"column-1\">11<\/td><td class=\"column-2\">Cilmi, Horacio<\/td><td class=\"column-3\">LU5BE<\/td><td class=\"column-4\">206\/208<\/td>\n<\/tr>\n<tr class=\"row-13\">\n\t<td class=\"column-1\">12<\/td><td class=\"column-2\">Esquivel, Ricardo Armando<\/td><td class=\"column-3\">LU4GL<\/td><td class=\"column-4\">168\/170<\/td>\n<\/tr>\n<tr class=\"row-14\">\n\t<td class=\"column-1\">13<\/td><td class=\"column-2\">Durando, Fernando Andres<\/td><td class=\"column-3\">LU6FOV<\/td><td class=\"column-4\">165\/166<\/td>\n<\/tr>\n<tr class=\"row-15\">\n\t<td class=\"column-1\">14<\/td><td class=\"column-2\">Morante, Cesar Javier<\/td><td class=\"column-3\">LU7GFH<\/td><td class=\"column-4\">104\/104<\/td>\n<\/tr>\n<\/tbody>\n<\/table>\n<!-- #tablepress-9 from cache -->\n<\/div><\/div>\n<div class=\"omsc-toggle\"><div class=\"omsc-toggle-title\">Digimodos<\/div><div class=\"omsc-toggle-inner\">\n\n<table id=\"tablepress-10\" class=\"tablepress tablepress-id-10\">\n<thead>\n<tr class=\"row-1\">\n\t<th class=\"column-1\">PUESTO<\/th><th class=\"column-2\">APELLIDO Y NOMBRE<\/th><th class=\"column-3\">SE\u00d1AL DISTINTIVA<\/th><th class=\"column-4\">ENTIDADES<\/th>\n<\/tr>\n<\/thead>\n<tbody class=\"row-striping row-hover\">\n<tr class=\"row-2\">\n\t<td class=\"column-1\">1<\/td><td class=\"column-2\">Cosso, Daniel Eduardo <\/td><td class=\"column-3\">LU8EKC<\/td><td class=\"column-4\">337\/341<\/td>\n<\/tr>\n<tr class=\"row-3\">\n\t<td class=\"column-1\">2<\/td><td class=\"column-2\">Gonzalez Gavio, Roberto<br \/>\n<\/td><td class=\"column-3\">LU3CQ<\/td><td class=\"column-4\">337\/340<\/td>\n<\/tr>\n<tr class=\"row-4\">\n\t<td class=\"column-1\">3<\/td><td class=\"column-2\">Krienke, Jorge <\/td><td class=\"column-3\">LU5VV<\/td><td class=\"column-4\">317\/320<\/td>\n<\/tr>\n<tr class=\"row-5\">\n\t<td class=\"column-1\">4<\/td><td class=\"column-2\">Silvani, Dario Osvaldo<\/td><td class=\"column-3\">LU7DUE<\/td><td class=\"column-4\">274\/274<\/td>\n<\/tr>\n<tr class=\"row-6\">\n\t<td class=\"column-1\">5<\/td><td class=\"column-2\">Cruz, Ruben Oscar<\/td><td class=\"column-3\">LW6EQG<\/td><td class=\"column-4\">268\/268<\/td>\n<\/tr>\n<tr class=\"row-7\">\n\t<td class=\"column-1\">6<\/td><td class=\"column-2\">Barros. Marcelo Pablo<\/td><td class=\"column-3\">LU5EPB<\/td><td class=\"column-4\">186\/186<\/td>\n<\/tr>\n<tr class=\"row-8\">\n\t<td class=\"column-1\">7<\/td><td class=\"column-2\">Heguilein, Carlos Alberto<\/td><td class=\"column-3\">LU8DCH<\/td><td class=\"column-4\">184\/184<\/td>\n<\/tr>\n<tr class=\"row-9\">\n\t<td class=\"column-1\">8<\/td><td class=\"column-2\">Garay, Mario Augusto<br \/>\n<\/td><td class=\"column-3\">LU3AHY<br \/>\n<\/td><td class=\"column-4\">178\/178<\/td>\n<\/tr>\n<tr class=\"row-10\">\n\t<td class=\"column-1\">9<\/td><td class=\"column-2\">Maitenon, Diego Martin<\/td><td class=\"column-3\">LU8GMM<br \/>\n<\/td><td class=\"column-4\">164\/164<\/td>\n<\/tr>\n<tr class=\"row-11\">\n\t<td class=\"column-1\">10<\/td><td class=\"column-2\">Alvarado, Walter <br \/>\n<\/td><td class=\"column-3\">LW4EAZ<br \/>\n<\/td><td class=\"column-4\">163\/163<\/td>\n<\/tr>\n<tr class=\"row-12\">\n\t<td class=\"column-1\">11<\/td><td class=\"column-2\">Linconao, Alejandro J.<\/td><td class=\"column-3\">LU1DLA<\/td><td class=\"column-4\">159\/159<\/td>\n<\/tr>\n<tr class=\"row-13\">\n\t<td class=\"column-1\">12<\/td><td class=\"column-2\">Sbresso, Javier Edgardo<br \/>\n<\/td><td class=\"column-3\">LW8DHX<br \/>\n<\/td><td class=\"column-4\">158\/158<\/td>\n<\/tr>\n<tr class=\"row-14\">\n\t<td class=\"column-1\">13<\/td><td class=\"column-2\">Elizalde, Francisco<\/td><td class=\"column-3\">LU4DCW<\/td><td class=\"column-4\">154\/154<\/td>\n<\/tr>\n<tr class=\"row-15\">\n\t<td class=\"column-1\">14<\/td><td class=\"column-2\">Wilches, Manuel<\/td><td class=\"column-3\">LU5OM<\/td><td class=\"column-4\">150\/150<\/td>\n<\/tr>\n<tr class=\"row-16\">\n\t<td class=\"column-1\">15<\/td><td class=\"column-2\">G\u00f3mez, Fernando Javier<\/td><td class=\"column-3\">LU7AMG<\/td><td class=\"column-4\">145\/145<\/td>\n<\/tr>\n<tr class=\"row-17\">\n\t<td class=\"column-1\">16<\/td><td class=\"column-2\">Gallo, Eduardo<\/td><td class=\"column-3\">LU9DX<\/td><td class=\"column-4\">128\/128<\/td>\n<\/tr>\n<tr class=\"row-18\">\n\t<td class=\"column-1\">17<\/td><td class=\"column-2\">Gal\u00e1n, Juan Manuel<br \/>\n<\/td><td class=\"column-3\">LU8AJM<br \/>\n<\/td><td class=\"column-4\">119\/119<\/td>\n<\/tr>\n<tr class=\"row-19\">\n\t<td class=\"column-1\">18<\/td><td class=\"column-2\">Quiroga, Ulises<\/td><td class=\"column-3\">LW4EWC<\/td><td class=\"column-4\">111\/111<\/td>\n<\/tr>\n<tr class=\"row-20\">\n\t<td class=\"column-1\">19<\/td><td class=\"column-2\">Funes, Gabriel<br \/>\n<\/td><td class=\"column-3\">LU5KHF<br \/>\n<\/td><td class=\"column-4\">102\/102<\/td>\n<\/tr>\n<tr class=\"row-21\">\n\t<td class=\"column-1\">20<\/td><td class=\"column-2\">Suarez, Jorge <br \/>\n<\/td><td class=\"column-3\">LU9WT<\/td><td class=\"column-4\">102\/102<\/td>\n<\/tr>\n<tr class=\"row-22\">\n\t<td class=\"column-1\">21<\/td><td class=\"column-2\">Flammini, Marcelo Oscar<\/td><td class=\"column-3\">LU6DTS<\/td><td class=\"column-4\">101\/101<\/td>\n<\/tr>\n<\/tbody>\n<\/table>\n<!-- #tablepress-10 from cache -->\n<\/div><\/div>\n<div class=\"omsc-toggle\"><div class=\"omsc-toggle-title\">50MHz Mixto<\/div><div class=\"omsc-toggle-inner\">\n\n<table id=\"tablepress-11\" class=\"tablepress tablepress-id-11\">\n<thead>\n<tr class=\"row-1\">\n\t<th class=\"column-1\">PUESTO<\/th><th class=\"column-2\">APELLIDO Y NOMBRE<\/th><th class=\"column-3\">SE\u00d1AL DISTINTIVA<\/th><th class=\"column-4\">ENTIDADES<\/th>\n<\/tr>\n<\/thead>\n<tbody class=\"row-striping row-hover\">\n<tr class=\"row-2\">\n\t<td class=\"column-1\">1<\/td><td class=\"column-2\">Pons Estel, Javier<\/td><td class=\"column-3\">LU5FF<\/td><td class=\"column-4\">144\/144<\/td>\n<\/tr>\n<tr class=\"row-3\">\n\t<td class=\"column-1\">2<\/td><td class=\"column-2\">Maitenon, Diego Martin<\/td><td class=\"column-3\">LU8GMM<\/td><td class=\"column-4\">133\/133<\/td>\n<\/tr>\n<tr class=\"row-4\">\n\t<td class=\"column-1\">3<\/td><td class=\"column-2\">Gonzalez Gavio, Roberto<\/td><td class=\"column-3\">LU3CQ<\/td><td class=\"column-4\">132\/132<\/td>\n<\/tr>\n<tr class=\"row-5\">\n\t<td class=\"column-1\">4<\/td><td class=\"column-2\">Rubio, Sebastian<br \/>\n<\/td><td class=\"column-3\">LU4FPZ<br \/>\n<\/td><td class=\"column-4\">120\/120<\/td>\n<\/tr>\n<tr class=\"row-6\">\n\t<td class=\"column-1\">5<\/td><td class=\"column-2\">Macoratti, Carlos Alberto<\/td><td class=\"column-3\">LU7MC<\/td><td class=\"column-4\">120\/120<\/td>\n<\/tr>\n<tr class=\"row-7\">\n\t<td class=\"column-1\">6<\/td><td class=\"column-2\">Ribas Meneclier, Carlos A. <\/td><td class=\"column-3\">LU2NI<\/td><td class=\"column-4\">119\/121<\/td>\n<\/tr>\n<tr class=\"row-8\">\n\t<td class=\"column-1\">7<\/td><td class=\"column-2\">Silvani, Dario Osvaldo<\/td><td class=\"column-3\">LU7DUE<\/td><td class=\"column-4\">107\/107<\/td>\n<\/tr>\n<\/tbody>\n<\/table>\n<!-- #tablepress-11 from cache -->\n<\/div><\/div>\n<div class=\"omsc-toggle\"><div class=\"omsc-toggle-title\">Sat\u00e9lite<\/div><div class=\"omsc-toggle-inner\">\n\n<table id=\"tablepress-12\" class=\"tablepress tablepress-id-12\">\n<thead>\n<tr class=\"row-1\">\n\t<th class=\"column-1\">PUESTO<\/th><th class=\"column-2\">APELLIDO Y NOMBRE<\/th><th class=\"column-3\">SE\u00d1AL DISTINTIVA<\/th><th class=\"column-4\">ENTIDADES<\/th>\n<\/tr>\n<\/thead>\n<tbody class=\"row-striping row-hover\">\n<tr class=\"row-2\">\n\t<td class=\"column-1\">1<\/td><td class=\"column-2\">Daglio, Cesar<\/td><td class=\"column-3\">LU8EBH<\/td><td class=\"column-4\">99\/102<\/td>\n<\/tr>\n<\/tbody>\n<\/table>\n<!-- #tablepress-12 from cache -->\n<\/div><\/div>\n<\/div>\n","protected":false},"excerpt":{"rendered":"<p>El Cuadro de Honor de DX del Radio Club Argentino tiene por finalidad reconocer la trayectoria de los radioaficionados de nuestro pa\u00eds que se dedican a esta apasionante faceta de nuestra actividad,<a class=\"moretag\" href=\"https:\/\/www.lu4aa.org\/wp\/cuadro-de-honor\/\">Leer m\u00e1s&#8230;<\/a><\/p>\n","protected":false},"author":4,"featured_media":0,"parent":0,"menu_order":0,"comment_status":"closed","ping_status":"closed","template":"","meta":{"ngg_post_thumbnail":0,"footnotes":""},"class_list":["post-460","page","type-page","status-publish","hentry"],"_links":{"self":[{"href":"https:\/\/www.lu4aa.org\/wp\/wp-json\/wp\/v2\/pages\/460","targetHints":{"allow":["GET"]}}],"collection":[{"href":"https:\/\/www.lu4aa.org\/wp\/wp-json\/wp\/v2\/pages"}],"about":[{"href":"https:\/\/www.lu4aa.org\/wp\/wp-json\/wp\/v2\/types\/page"}],"author":[{"embeddable":true,"href":"https:\/\/www.lu4aa.org\/wp\/wp-json\/wp\/v2\/users\/4"}],"replies":[{"embeddable":true,"href":"https:\/\/www.lu4aa.org\/wp\/wp-json\/wp\/v2\/comments?post=460"}],"version-history":[{"count":12,"href":"https:\/\/www.lu4aa.org\/wp\/wp-json\/wp\/v2\/pages\/460\/revisions"}],"predecessor-version":[{"id":13154,"href":"https:\/\/www.lu4aa.org\/wp\/wp-json\/wp\/v2\/pages\/460\/revisions\/13154"}],"wp:attachment":[{"href":"https:\/\/www.lu4aa.org\/wp\/wp-json\/wp\/v2\/media?parent=460"}],"curies":[{"name":"wp","href":"https:\/\/api.w.org\/{rel}","templated":true}]}}