{"id":23630,"date":"2023-12-26T18:58:01","date_gmt":"2023-12-26T21:58:01","guid":{"rendered":"https:\/\/www.lu4aa.org\/wp\/?page_id=23630"},"modified":"2026-01-09T10:17:06","modified_gmt":"2026-01-09T13:17:06","slug":"maraton-ferroviaria-2024-2025","status":"publish","type":"page","link":"https:\/\/www.lu4aa.org\/wp\/maraton-ferroviaria-2024-2025\/","title":{"rendered":"Marat\u00f3n Radial Ferroviaria 2024 &#8211; 2025"},"content":{"rendered":"\n<p class=\"has-medium-font-size\"><\/p>\n\n\n\n<h3 class=\"wp-block-heading has-text-align-center has-vivid-purple-color has-text-color has-link-color wp-elements-5397304870be8102e58d56db00690a34\"><a href=\"https:\/\/www.lu4aa.org\/wp\/wp-content\/uploads\/2024\/03\/Reglamento-Maraton-Activadores-de-Estaciones-Ferroviarias-V3.pdf\" target=\"_blank\" rel=\"noreferrer noopener\">Reglamento activadores<\/a><\/h3>\n\n\n\n<h3 class=\"wp-block-heading has-text-align-center has-vivid-purple-color has-text-color has-link-color wp-elements-987a97db9b3a11b15aecdf71816a7d1d\"><a href=\"https:\/\/www.lu4aa.org\/wp\/wp-content\/uploads\/2024\/01\/Reglamento-Maraton-de-Estaciones-Ferroviarias-V1.pdf\">Reglamento caza<\/a><a href=\"https:\/\/www.lu4aa.org\/wp\/wp-content\/uploads\/2024\/01\/Reglamento-Maraton-de-Estaciones-Ferroviarias-V1.pdf\" target=\"_blank\" rel=\"noreferrer noopener\">dores<\/a><\/h3>\n\n\n\n<h1 class=\"wp-block-heading has-text-align-center has-vivid-cyan-blue-color has-text-color has-link-color wp-elements-b119acaad97df223aee74d74bfd3f87a\">Resultados Finales<\/h1>\n\n\n\n<p class=\"has-text-align-center has-medium-font-size\">Activaciones confirmadas = 203<br>Contactos realizados = 28.262<br>Activadores Grupales = 31<br>Activadores Individuales = 7<br>Cazadores con 5 o m\u00e1s contactos = 423<\/p>\n\n\n\n<p><\/p>\n\n\n\n<h2 class=\"wp-block-heading\">Marat\u00f3n Activadores &#8211; Resultados Finales<\/h2>\n\n\n\n<p class=\"has-small-font-size\">Los puntos se actualizan cuando la estaci\u00f3n est\u00e1 acreditada.<\/p>\n\n\n\n<table id=\"tablepress-117\" class=\"tablepress tablepress-id-117\">\n<thead>\n<tr class=\"row-1\">\n\t<th class=\"column-1\">#<\/th><th class=\"column-2\">RC o Grupo<\/th><th class=\"column-3\">Distintiva<\/th><th class=\"column-4\">Nombre Responsable<\/th><th class=\"column-5\">Estaciones<\/th><th class=\"column-6\">L\u00edneas<\/th><th class=\"column-7\">Provincias<\/th><th class=\"column-8\">Puntos<\/th>\n<\/tr>\n<\/thead>\n<tbody class=\"row-striping row-hover\">\n<tr class=\"row-2\">\n\t<td class=\"column-1\">1<\/td><td class=\"column-2\">RC  Concepci\u00f3n del Uruguay<\/td><td class=\"column-3\">LU5JU y otras<\/td><td class=\"column-4\">Guiffrey, Adhemar<br \/>\nGorelik, Ernesto y otros<\/td><td class=\"column-5\">73<\/td><td class=\"column-6\">2<\/td><td class=\"column-7\">3<\/td><td class=\"column-8\">10600<\/td>\n<\/tr>\n<tr class=\"row-3\">\n\t<td class=\"column-1\">2<\/td><td class=\"column-2\">Desfasados<\/td><td class=\"column-3\">LU5JIB y otras<\/td><td class=\"column-4\">Ignacio Beber y otros<\/td><td class=\"column-5\">36<\/td><td class=\"column-6\">4<\/td><td class=\"column-7\">3<\/td><td class=\"column-8\">6100<\/td>\n<\/tr>\n<tr class=\"row-4\">\n\t<td class=\"column-1\">3<\/td><td class=\"column-2\">Little Fox DX Group<\/td><td class=\"column-3\">LW6DNF y otras<\/td><td class=\"column-4\">Daix, Mart\u00edn<\/td><td class=\"column-5\">19<\/td><td class=\"column-6\">1<\/td><td class=\"column-7\">1<\/td><td class=\"column-8\">3000<\/td>\n<\/tr>\n<tr class=\"row-5\">\n\t<td class=\"column-1\">4<\/td><td class=\"column-2\">RC Grupo DX San Miguel<\/td><td class=\"column-3\">LR5E<\/td><td class=\"column-4\">Mar\u00eda D\u00edaz<\/td><td class=\"column-5\">9<\/td><td class=\"column-6\">5<\/td><td class=\"column-7\">1<\/td><td class=\"column-8\">1400<\/td>\n<\/tr>\n<tr class=\"row-6\">\n\t<td class=\"column-1\">5<\/td><td class=\"column-2\">RC Pampeano<\/td><td class=\"column-3\">LU1UG<\/td><td class=\"column-4\">Federico Mainz<\/td><td class=\"column-5\">8<\/td><td class=\"column-6\">2<\/td><td class=\"column-7\">1<\/td><td class=\"column-8\">800<\/td>\n<\/tr>\n<tr class=\"row-7\">\n\t<td class=\"column-1\">6<\/td><td class=\"column-2\">RC Gral. Sarmiento<\/td><td class=\"column-3\">L58DZV<\/td><td class=\"column-4\">Mart\u00edn Garcia<\/td><td class=\"column-5\">6<\/td><td class=\"column-6\">3<\/td><td class=\"column-7\">1<\/td><td class=\"column-8\">600<\/td>\n<\/tr>\n<tr class=\"row-8\">\n\t<td class=\"column-1\"><\/td><td class=\"column-2\"><\/td><td class=\"column-3\">LU4CIC y otras<\/td><td class=\"column-4\">Carolina In\u00e9s Can\u00e9<\/td><td class=\"column-5\">4<\/td><td class=\"column-6\">3<\/td><td class=\"column-7\">2<\/td><td class=\"column-8\">450<\/td>\n<\/tr>\n<tr class=\"row-9\">\n\t<td class=\"column-1\"><\/td><td class=\"column-2\">RC Quilmes<\/td><td class=\"column-3\">LU4DQ<\/td><td class=\"column-4\">Ariel Visciglio<\/td><td class=\"column-5\">3<\/td><td class=\"column-6\">2<\/td><td class=\"column-7\">1<\/td><td class=\"column-8\">400<\/td>\n<\/tr>\n<tr class=\"row-10\">\n\t<td class=\"column-1\"><\/td><td class=\"column-2\">RC Pergamino<\/td><td class=\"column-3\">LU6DCT<\/td><td class=\"column-4\">Claudio Dario Torcigliani<\/td><td class=\"column-5\">3<\/td><td class=\"column-6\">2<\/td><td class=\"column-7\">1<\/td><td class=\"column-8\">300<\/td>\n<\/tr>\n<tr class=\"row-11\">\n\t<td class=\"column-1\"><\/td><td class=\"column-2\">RC Misiones<\/td><td class=\"column-3\">LU1IG<\/td><td class=\"column-4\">Leticia Alonso<\/td><td class=\"column-5\">3<\/td><td class=\"column-6\">1<\/td><td class=\"column-7\">1<\/td><td class=\"column-8\">300<\/td>\n<\/tr>\n<tr class=\"row-12\">\n\t<td class=\"column-1\"><\/td><td class=\"column-2\">RC R\u00edo de la Plata<\/td><td class=\"column-3\">LU5DA<\/td><td class=\"column-4\">C\u00e9sar An\u00edbal Mart\u00edn<\/td><td class=\"column-5\">2<\/td><td class=\"column-6\">2<\/td><td class=\"column-7\">1<\/td><td class=\"column-8\">300<\/td>\n<\/tr>\n<tr class=\"row-13\">\n\t<td class=\"column-1\"><\/td><td class=\"column-2\">Radioaficionados en Gualeguaych\u00fa<\/td><td class=\"column-3\">LU1JMC<\/td><td class=\"column-4\">Juan Bulacio<\/td><td class=\"column-5\">3<\/td><td class=\"column-6\">1<\/td><td class=\"column-7\">1<\/td><td class=\"column-8\">300<\/td>\n<\/tr>\n<tr class=\"row-14\">\n\t<td class=\"column-1\"><\/td><td class=\"column-2\">RC del Valle Inferior<\/td><td class=\"column-3\">LU1VOF<\/td><td class=\"column-4\">Inostrosa, Juan Carlos<\/td><td class=\"column-5\">2<\/td><td class=\"column-6\">1<\/td><td class=\"column-7\">1<\/td><td class=\"column-8\">300<\/td>\n<\/tr>\n<tr class=\"row-15\">\n\t<td class=\"column-1\"><\/td><td class=\"column-2\">Grupo DX de las Sierras<\/td><td class=\"column-3\">LT2DS<\/td><td class=\"column-4\">Alfredo Dominguez<\/td><td class=\"column-5\">2<\/td><td class=\"column-6\">1<\/td><td class=\"column-7\">1<\/td><td class=\"column-8\">200<\/td>\n<\/tr>\n<tr class=\"row-16\">\n\t<td class=\"column-1\"><\/td><td class=\"column-2\"><\/td><td class=\"column-3\">LU6VLA<\/td><td class=\"column-4\">Ivon Mai<\/td><td class=\"column-5\">1<\/td><td class=\"column-6\">1<\/td><td class=\"column-7\">1<\/td><td class=\"column-8\">200<\/td>\n<\/tr>\n<tr class=\"row-17\">\n\t<td class=\"column-1\"><\/td><td class=\"column-2\">RC Gral Alvear<\/td><td class=\"column-3\">LU5MA LU2DIG<\/td><td class=\"column-4\">Fernando Borda<\/td><td class=\"column-5\">1<\/td><td class=\"column-6\">1<\/td><td class=\"column-7\">1<\/td><td class=\"column-8\">200<\/td>\n<\/tr>\n<tr class=\"row-18\">\n\t<td class=\"column-1\"><\/td><td class=\"column-2\">Circulo de Radioaficionados de Dolores<\/td><td class=\"column-3\">LU8DAL<\/td><td class=\"column-4\">Gilberto Juan Tuchi<\/td><td class=\"column-5\">2<\/td><td class=\"column-6\">1<\/td><td class=\"column-7\">1<\/td><td class=\"column-8\">150<\/td>\n<\/tr>\n<tr class=\"row-19\">\n\t<td class=\"column-1\"><\/td><td class=\"column-2\"><\/td><td class=\"column-3\">LU1AET y otras<\/td><td class=\"column-4\">Marcelo Duca<\/td><td class=\"column-5\">1<\/td><td class=\"column-6\">1<\/td><td class=\"column-7\">1<\/td><td class=\"column-8\">100<\/td>\n<\/tr>\n<tr class=\"row-20\">\n\t<td class=\"column-1\"><\/td><td class=\"column-2\"><\/td><td class=\"column-3\">LU1DAS y otras<\/td><td class=\"column-4\">Sara Aranguren<\/td><td class=\"column-5\">1<\/td><td class=\"column-6\">1<\/td><td class=\"column-7\">1<\/td><td class=\"column-8\">100<\/td>\n<\/tr>\n<tr class=\"row-21\">\n\t<td class=\"column-1\"><\/td><td class=\"column-2\">Chaco RC<\/td><td class=\"column-3\">LU1GDG<\/td><td class=\"column-4\">Juan Matto<\/td><td class=\"column-5\">1<\/td><td class=\"column-6\">1<\/td><td class=\"column-7\">1<\/td><td class=\"column-8\">100<\/td>\n<\/tr>\n<tr class=\"row-22\">\n\t<td class=\"column-1\"><\/td><td class=\"column-2\">RC Gualeguaych\u00fa<\/td><td class=\"column-3\">LU1JCM<\/td><td class=\"column-4\">Juan Carlos Magirena<\/td><td class=\"column-5\">1<\/td><td class=\"column-6\">1<\/td><td class=\"column-7\">1<\/td><td class=\"column-8\">100<\/td>\n<\/tr>\n<tr class=\"row-23\">\n\t<td class=\"column-1\"><\/td><td class=\"column-2\">Cuyo RC<\/td><td class=\"column-3\">LU1MED<\/td><td class=\"column-4\">Mario Esteban Dur\u00e1n<\/td><td class=\"column-5\">1<\/td><td class=\"column-6\">1<\/td><td class=\"column-7\">1<\/td><td class=\"column-8\">100<\/td>\n<\/tr>\n<tr class=\"row-24\">\n\t<td class=\"column-1\"><\/td><td class=\"column-2\">C\u00edrculo de Radioaficionados de Plaza Huincul \u2013 Cultral Co<\/td><td class=\"column-3\">LU1YBG<\/td><td class=\"column-4\">Ernesto Contreras<\/td><td class=\"column-5\">1<\/td><td class=\"column-6\">1<\/td><td class=\"column-7\">1<\/td><td class=\"column-8\">100<\/td>\n<\/tr>\n<tr class=\"row-25\">\n\t<td class=\"column-1\"><\/td><td class=\"column-2\">Grupo Radioaficionados de Ayacucho<\/td><td class=\"column-3\">LU3DAM<\/td><td class=\"column-4\">Dar\u00edo Marticorena<\/td><td class=\"column-5\">2<\/td><td class=\"column-6\">1<\/td><td class=\"column-7\">1<\/td><td class=\"column-8\">100<\/td>\n<\/tr>\n<tr class=\"row-26\">\n\t<td class=\"column-1\"><\/td><td class=\"column-2\">RC Bah\u00eda Blanca<\/td><td class=\"column-3\">LU4EOU<\/td><td class=\"column-4\">Mario Fazio<\/td><td class=\"column-5\">1<\/td><td class=\"column-6\">1<\/td><td class=\"column-7\">1<\/td><td class=\"column-8\">100<\/td>\n<\/tr>\n<tr class=\"row-27\">\n\t<td class=\"column-1\"><\/td><td class=\"column-2\">RC Concordia<\/td><td class=\"column-3\">LU4JJ<\/td><td class=\"column-4\">Juan Esteban Ledesma<\/td><td class=\"column-5\">1<\/td><td class=\"column-6\">1<\/td><td class=\"column-7\">1<\/td><td class=\"column-8\">100<\/td>\n<\/tr>\n<tr class=\"row-28\">\n\t<td class=\"column-1\"><\/td><td class=\"column-2\">RC San Francisco<\/td><td class=\"column-3\">LU5HIO<\/td><td class=\"column-4\">Leo Bergesse<\/td><td class=\"column-5\">1<\/td><td class=\"column-6\">1<\/td><td class=\"column-7\">1<\/td><td class=\"column-8\">100<\/td>\n<\/tr>\n<tr class=\"row-29\">\n\t<td class=\"column-1\"><\/td><td class=\"column-2\">RC Salta<\/td><td class=\"column-3\">LU5OIJ<\/td><td class=\"column-4\">Mar\u00eda Juliana Isola<\/td><td class=\"column-5\">1<\/td><td class=\"column-6\">1<\/td><td class=\"column-7\">1<\/td><td class=\"column-8\">100<\/td>\n<\/tr>\n<tr class=\"row-30\">\n\t<td class=\"column-1\"><\/td><td class=\"column-2\">RC Uni\u00f3n Amigos Radioaficionados<\/td><td class=\"column-3\">LO5R<\/td><td class=\"column-4\">Victor Hugo Ropolo<\/td><td class=\"column-5\">1<\/td><td class=\"column-6\">1<\/td><td class=\"column-7\">1<\/td><td class=\"column-8\">100<\/td>\n<\/tr>\n<tr class=\"row-31\">\n\t<td class=\"column-1\"><\/td><td class=\"column-2\">RC Tandil<\/td><td class=\"column-3\">LU6DAJ<\/td><td class=\"column-4\">Alfredo Domingues<\/td><td class=\"column-5\">1<\/td><td class=\"column-6\">1<\/td><td class=\"column-7\">1<\/td><td class=\"column-8\">100<\/td>\n<\/tr>\n<tr class=\"row-32\">\n\t<td class=\"column-1\"><\/td><td class=\"column-2\">Grupo DX del Viso<\/td><td class=\"column-3\">LU7DEV<\/td><td class=\"column-4\">Ezequiel Vertz<\/td><td class=\"column-5\">1<\/td><td class=\"column-6\">1<\/td><td class=\"column-7\">1<\/td><td class=\"column-8\">100<\/td>\n<\/tr>\n<tr class=\"row-33\">\n\t<td class=\"column-1\"><\/td><td class=\"column-2\">RC R\u00edo Cuarto<\/td><td class=\"column-3\">L73HAT<\/td><td class=\"column-4\">Franco Calosso<\/td><td class=\"column-5\">1<\/td><td class=\"column-6\">1<\/td><td class=\"column-7\">1<\/td><td class=\"column-8\">100<\/td>\n<\/tr>\n<tr class=\"row-34\">\n\t<td class=\"column-1\"><\/td><td class=\"column-2\"><\/td><td class=\"column-3\">LU8EV<\/td><td class=\"column-4\">Pablo L\u00f3pez Amaya<\/td><td class=\"column-5\">1<\/td><td class=\"column-6\">1<\/td><td class=\"column-7\">1<\/td><td class=\"column-8\">100<\/td>\n<\/tr>\n<tr class=\"row-35\">\n\t<td class=\"column-1\"><\/td><td class=\"column-2\">RC Rafaela<\/td><td class=\"column-3\">LU8FF<\/td><td class=\"column-4\">Elvio Varela<\/td><td class=\"column-5\">1<\/td><td class=\"column-6\">1<\/td><td class=\"column-7\">1<\/td><td class=\"column-8\">100<\/td>\n<\/tr>\n<tr class=\"row-36\">\n\t<td class=\"column-1\"><\/td><td class=\"column-2\"><\/td><td class=\"column-3\">LU9JX<\/td><td class=\"column-4\">Carlos Eduardo Nu\u00f1ez<\/td><td class=\"column-5\">1<\/td><td class=\"column-6\">1<\/td><td class=\"column-7\">1<\/td><td class=\"column-8\">100<\/td>\n<\/tr>\n<tr class=\"row-37\">\n\t<td class=\"column-1\"><\/td><td class=\"column-2\">RC San Rafael<\/td><td class=\"column-3\">LU9MAB<\/td><td class=\"column-4\">Osvaldo M. Tarantola<\/td><td class=\"column-5\">1<\/td><td class=\"column-6\">1<\/td><td class=\"column-7\">1<\/td><td class=\"column-8\">100<\/td>\n<\/tr>\n<tr class=\"row-38\">\n\t<td class=\"column-1\"><\/td><td class=\"column-2\">RC Comodoro Rivadavia<\/td><td class=\"column-3\">LU9WZX<\/td><td class=\"column-4\">Marcelo Sinski<\/td><td class=\"column-5\">1<\/td><td class=\"column-6\">1<\/td><td class=\"column-7\">1<\/td><td class=\"column-8\">100<\/td>\n<\/tr>\n<\/tbody>\n<\/table>\n<!-- #tablepress-117 from cache -->\n\n\n\n<h2 class=\"wp-block-heading\">Marat\u00f3n Cazadores &#8211; Resultados Finales<\/h2>\n\n\n\n<p class=\"has-small-font-size\">Las posiciones se listan a partir de las 5 estaciones confirmadas<\/p>\n\n\n<p><script src=\"https:\/\/legacy.lu4aa.org\/shared\/autosize.js?listen\"><\/script><br \/>\n<iframe loading=\"lazy\" id=\"CustomIframe\" style=\"width: 100%; border: none; min-height: 500px;\" src=\"https:\/\/legacy.lu4aa.org\/def_ranking_maraton.php\" width=\"300\" height=\"150\" frameborder=\"0\" scrolling=\"no\"><\/iframe><\/p>\n\n\n<div style=\"height:33px\" aria-hidden=\"true\" class=\"wp-block-spacer\"><\/div>\n","protected":false},"excerpt":{"rendered":"<p>Reglamento activadores Reglamento cazadores Resultados Finales Activaciones confirmadas = 203Contactos realizados = 28.262Activadores Grupales = 31Activadores Individuales = 7Cazadores con 5 o m\u00e1s contactos = 423 Marat\u00f3n Activadores &#8211; Resultados Finales Los<a class=\"moretag\" href=\"https:\/\/www.lu4aa.org\/wp\/maraton-ferroviaria-2024-2025\/\">Leer m\u00e1s&#8230;<\/a><\/p>\n","protected":false},"author":10,"featured_media":23646,"parent":0,"menu_order":0,"comment_status":"closed","ping_status":"closed","template":"","meta":{"ngg_post_thumbnail":0,"footnotes":""},"class_list":["post-23630","page","type-page","status-publish","has-post-thumbnail","hentry"],"_links":{"self":[{"href":"https:\/\/www.lu4aa.org\/wp\/wp-json\/wp\/v2\/pages\/23630","targetHints":{"allow":["GET"]}}],"collection":[{"href":"https:\/\/www.lu4aa.org\/wp\/wp-json\/wp\/v2\/pages"}],"about":[{"href":"https:\/\/www.lu4aa.org\/wp\/wp-json\/wp\/v2\/types\/page"}],"author":[{"embeddable":true,"href":"https:\/\/www.lu4aa.org\/wp\/wp-json\/wp\/v2\/users\/10"}],"replies":[{"embeddable":true,"href":"https:\/\/www.lu4aa.org\/wp\/wp-json\/wp\/v2\/comments?post=23630"}],"version-history":[{"count":15,"href":"https:\/\/www.lu4aa.org\/wp\/wp-json\/wp\/v2\/pages\/23630\/revisions"}],"predecessor-version":[{"id":26778,"href":"https:\/\/www.lu4aa.org\/wp\/wp-json\/wp\/v2\/pages\/23630\/revisions\/26778"}],"wp:featuredmedia":[{"embeddable":true,"href":"https:\/\/www.lu4aa.org\/wp\/wp-json\/wp\/v2\/media\/23646"}],"wp:attachment":[{"href":"https:\/\/www.lu4aa.org\/wp\/wp-json\/wp\/v2\/media?parent=23630"}],"curies":[{"name":"wp","href":"https:\/\/api.w.org\/{rel}","templated":true}]}}