{"id":1582,"date":"2016-01-30T22:43:10","date_gmt":"2016-01-31T01:43:10","guid":{"rendered":"https:\/\/www.lu4aa.org\/wp\/?page_id=1582"},"modified":"2023-05-29T18:41:19","modified_gmt":"2023-05-29T21:41:19","slug":"el-rca","status":"publish","type":"page","link":"https:\/\/www.lu4aa.org\/wp\/el-rca\/","title":{"rendered":"El RCA"},"content":{"rendered":"<h6>\u00a1Bienvenido!<\/h6>\n<p>El Radio Club Argentino es la instituci\u00f3n decana de la radioafici\u00f3n en nuestro pa\u00eds y Sociedad Nacional miembro fundadora de la Uni\u00f3n Internacional de Radioaficionados -IARU-.<\/p>\n<p>Su historia comenz\u00f3 en los albores de la d\u00e9cada de 1920. Desde entonces, y&nbsp; por m\u00e1s de m\u00e1s de noventa a\u00f1os, sus integrantes han trabajado intensamente en pos de objetivos claros y definidos: el progreso, desarrollo y defensa de la radioafici\u00f3n en la Argentina.<\/p>\n<p>En la actualidad los radioaficionados conforman una comunidad global y diversa que supera los cuatro millones de personas en todo el mundo.<\/p>\n<p>Desde principios del Siglo XX hasta hoy, experimentadores aficionados se han dedicado a contribuir altamente al desarrollo de tecnolog\u00edas en el campo de la electr\u00f3nica. La radioafici\u00f3n ofrece oportunidades casi ilimitadas para experimentar en una variedad de disciplinas de comunicaci\u00f3n. Mucho de lo descubierto y aprendido, ha redundado en beneficio de la sociedad en general.<\/p>\n<p>Ofrece un medio de contacto internacional en forma regular, directa, de persona a persona y entre los pueblos de la tierra. En nuestro mundo de r\u00e1pida evoluci\u00f3n, la necesidad de que sus habitantes se comuniquen es imperiosa, y en esto, la radioafici\u00f3n no conoce barreras pol\u00edticas, geogr\u00e1ficas, \u00e9tnicas, religiosas, de edades, culturales ni econ\u00f3micas. Constituye un puente \u00fanico, sin paralelo en la experiencia interpersonal.<\/p>\n<p>Los radioaficionados representan a sus pa\u00edses en las ondas de radio, contribuyen significativamente tanto social como tecnol\u00f3gicamente en aquellas naciones que la aprueban y apoyan y son bien conocidos por el servicio p\u00fablico que prestan cuando ocurren desastres que colapsan las comunicaciones. Esta es una habilidad \u00fanica que la enorgullece. Para ello, mantiene un constante estado de preparaci\u00f3n, a trav\u00e9s de ejercicios de entrenamiento, competencias que propician mejorar los equipos utilizados y una mayor calidad operativa y ejercicios de campo utilizando radios alimentadas con fuentes independientes de energ\u00eda. Esta capacidad le es reconocida internacionalmente.<\/p>\n<p>Durante casi un siglo, los radioaficionados han demostrado excelencia y profesionalismo en todo escenario de desastre que se haya presentado, en materia de comunicaciones de emergencia. Un legado de servicio p\u00fablico disponible para todos.<\/p>\n<p>El Radio Club Argentino es la entidad l\u00edder en la prestaci\u00f3n de servicios y en la representaci\u00f3n nacional e internacional de los Radioaficionados Argentinos en defensa de sus intereses. Una comunidad orgullosa de su herencia y apasionadamente comprometida.<\/p>\n<p>Somos una instituci\u00f3n s\u00f3lida y de puertas abiertas a la participaci\u00f3n de los radioaficionados de todo el pa\u00eds que quieran sumarse.<\/p>\n<p>Te invitamos a hacerte parte de nuestra historia y a seguir construyendo nuestro futuro.<br \/>\n<a href=\"https:\/\/www.lu4aa.org\/wp\/asociarse\/\">Te invitamos a asociarte al RCA<\/a>.<\/p>\n<p>&nbsp;<\/p>\n<p><strong>Juan Ignacio Recabeitia, LU8ARI<\/strong><br \/>\nPresidente \u2013 RCA<\/p>\n","protected":false},"excerpt":{"rendered":"<p>\u00a1Bienvenido! El Radio Club Argentino es la instituci\u00f3n decana de la radioafici\u00f3n en nuestro pa\u00eds y Sociedad Nacional miembro fundadora de la Uni\u00f3n Internacional de Radioaficionados -IARU-. Su historia comenz\u00f3 en los<a class=\"moretag\" href=\"https:\/\/www.lu4aa.org\/wp\/el-rca\/\">Leer m\u00e1s&#8230;<\/a><\/p>\n","protected":false},"author":4,"featured_media":0,"parent":0,"menu_order":0,"comment_status":"closed","ping_status":"closed","template":"","meta":{"ngg_post_thumbnail":0,"footnotes":""},"class_list":["post-1582","page","type-page","status-publish","hentry"],"_links":{"self":[{"href":"https:\/\/www.lu4aa.org\/wp\/wp-json\/wp\/v2\/pages\/1582","targetHints":{"allow":["GET"]}}],"collection":[{"href":"https:\/\/www.lu4aa.org\/wp\/wp-json\/wp\/v2\/pages"}],"about":[{"href":"https:\/\/www.lu4aa.org\/wp\/wp-json\/wp\/v2\/types\/page"}],"author":[{"embeddable":true,"href":"https:\/\/www.lu4aa.org\/wp\/wp-json\/wp\/v2\/users\/4"}],"replies":[{"embeddable":true,"href":"https:\/\/www.lu4aa.org\/wp\/wp-json\/wp\/v2\/comments?post=1582"}],"version-history":[{"count":6,"href":"https:\/\/www.lu4aa.org\/wp\/wp-json\/wp\/v2\/pages\/1582\/revisions"}],"predecessor-version":[{"id":22779,"href":"https:\/\/www.lu4aa.org\/wp\/wp-json\/wp\/v2\/pages\/1582\/revisions\/22779"}],"wp:attachment":[{"href":"https:\/\/www.lu4aa.org\/wp\/wp-json\/wp\/v2\/media?parent=1582"}],"curies":[{"name":"wp","href":"https:\/\/api.w.org\/{rel}","templated":true}]}}