{"id":1008,"date":"2015-04-02T09:29:59","date_gmt":"2015-04-02T12:29:59","guid":{"rendered":"https:\/\/www.lu4aa.org\/wp\/?page_id=1008"},"modified":"2026-04-09T16:19:19","modified_gmt":"2026-04-09T19:19:19","slug":"home","status":"publish","type":"page","link":"https:\/\/www.lu4aa.org\/wp\/","title":{"rendered":"Home"},"content":{"rendered":"\n<div class=\"omsc-infobox\" style=\"background:#f4f5f6;border-color:#f4f5f6;color:#808080\">\n\n<p style=\"text-align: center;\">\n       <a href=\"\/wp\/activaciones\/\" class=\"su-button su-button-style-3d\" style=\"color:#FFFFFF;background-color:#fc6b03;border-color:#ca5603;border-radius:12px\" target=\"_blank\" rel=\"noopener noreferrer\"><span style=\"color:#FFFFFF;padding:0px 30px;font-size:22px;line-height:44px;border-color:#fd984f;border-radius:12px;text-shadow:none\"> Estaciones en el aire ahora<\/span><\/a> \n<\/p>\n\n<!--\n\n<h2 style=\"text-align: center;\"><a style=\"color: #bf0b0b;\" text-align:=\"\" center;\"=\"\">La sede social permanecer\u00e1 cerrada entre el 19 de enero y el 18 de febrero.<\/a><\/h2>\n\n<h2 style=\"text-align: center;\"><a style=\"color: #bf0b0b;\" text-align:=\"\" center;\"=\"\">Continuamos atendiendo por nuestros canales no presenciales sin realizaci\u00f3n de tramites ENACOM. La documentaci\u00f3n enviada durante ese per\u00edodo ser\u00e1 diligenciada a partir del 18 de febrero<\/a><\/h2>\n\n<h1 style=\"text-align: center;\"><a style=\"color: #bf0b0b;\" href=\"https:\/\/www.lu4aa.org\/wp\/16-jornada-radial-ferroviaria-argentina\/\" target=\"_blank\" rel=\"noopener noreferrer\">16\u00b0 Jornada Radial Ferroviaria <\/a><\/h1>\n\n<h1 style=\"text-align: center;\"><a style=\"color: #bf0b0b;\" href=\"https:\/\/www.lu4aa.org\/wp\/16-jornada-radial-ferroviaria-argentina\/\" target=\"_blank\" rel=\"noopener noreferrer\">Busc\u00e1 las estaciones los pr\u00f3ximos <\/a><\/h1>\n\n&#091;wpcdt-countdown id=\"26496\"&#093;\n\n<h1 style=\"text-align: center;\"><a style=\"color: #bf0b0b;\" text-align:=\"\" center;\"=\"\">Encuentro Radioaficionados 2025<\/a><\/h1>\n&#091;wpcdt-countdown id=\"26231\"&#093;\n\n<h1 style=\"text-align: center;\"><a style=\"color:  #0883bd;\" href=\"https:\/\/www.lu4aa.org\/wp\/prox-act\/\" target=\"_blank\" rel=\"noopener noreferrer\">Pr\u00f3ximas Activaciones<\/a><\/h1>\n\n\n<h2 style=\"text-align: center;\"><a style=\"color: #006400;\" href=\"https:\/\/www.lu4aa.org\/wp\/ascenso-2023\/\" target=\"_blank\" rel=\"noopener noreferrer\">Examen para ascenso de categor\u00eda - abierta la inscripci\u00f3n<\/a><\/h2>\n-->\n\n<h2 style=\"text-align: center;\"><a style=\"color: #0883bd;\" href=\"https:\/\/www.lu4aa.org\/wp\/maraton-radial-ferroviario-2026-2027\/\" target=\"_blank\" rel=\"noopener noreferrer\">Marat\u00f3n Radial Ferroviario 2026 &#8211; 2027<\/a><\/h1>\n\n<p style=\"text-align: center;\">\n       <a href=\"\/wp\/def-bases\/\" class=\"su-button su-button-style-default\" style=\"color:#FFFFFF;background-color:#2D89EF;border-color:#246ec0;border-radius:5px\" target=\"_self\"><span style=\"color:#FFFFFF;padding:0px 16px;font-size:13px;line-height:26px;border-color:#6cadf4;border-radius:5px;text-shadow:none\"> \u00bfQu\u00e9 es una activaci\u00f3n Ferroviaria?<\/span><\/a>\n       <a href=\"\/wp\/formulario-de-activacion-ferroviaria\/\" class=\"su-button su-button-style-default\" style=\"color:#FFFFFF;background-color:#2D89EF;border-color:#246ec0;border-radius:5px\" target=\"_self\"><span style=\"color:#FFFFFF;padding:0px 16px;font-size:13px;line-height:26px;border-color:#6cadf4;border-radius:5px;text-shadow:none\"> Reserv\u00e1 tu estaci\u00f3n<\/span><\/a>\n       <a href=\"\/wp\/prox-act\/\" class=\"su-button su-button-style-default\" style=\"color:#FFFFFF;background-color:#2D89EF;border-color:#246ec0;border-radius:5px\" target=\"_self\"><span style=\"color:#FFFFFF;padding:0px 16px;font-size:13px;line-height:26px;border-color:#6cadf4;border-radius:5px;text-shadow:none\"> Pr\u00f3ximas Activaciones<\/span><\/a>\n       <a href=\"\/wp\/activaciones-pasadas\/\" class=\"su-button su-button-style-default\" style=\"color:#FFFFFF;background-color:#2D89EF;border-color:#246ec0;border-radius:5px\" target=\"_self\"><span style=\"color:#FFFFFF;padding:0px 16px;font-size:13px;line-height:26px;border-color:#6cadf4;border-radius:5px;text-shadow:none\"> Activaciones Realizadas<\/span><\/a>\n <\/p>\n\n<h1 style=\"text-align: center;\"><a style=\"color: #FF0000;\" href=\"https:\/\/www.lu4aa.org\/wp\/renovaciones\/\" target=\"_blank\" rel=\"noopener noreferrer\">Manten\u00e9 tu licencia vigente<\/a><\/h1>\n\n<h2 style=\"text-align: center;\"><a style=\"color: #0883bd;\" href=\"https:\/\/www.lu4aa.org\/wp\/curso-de-iniciacion-a-la-radioaficion\/\" target=\"_blank\" rel=\"noopener noreferrer\">Curso de iniciaci\u00f3n a la Radioafici\u00f3n comienza el 13 de abril<\/a><\/h2>\n\n<!--\n\n\n<h1><a href=\"https:\/\/www.lu4aa.org\/wp\/convoca-asamblea\/\/\" target=\"_blank\" rel=\"noopener noreferrer\">Asamblea Ordinaria 103\u00b0 ejercicio<\/a><\/h1> \n\n<h2 style=\"text-align: center;\"><a style=\"color: #0883bd;\" href=\"https:\/\/www.lu4aa.org\/wp\/curso-de-iniciacion-a-la-radioaficion\/\" target=\"_blank\" rel=\"noopener noreferrer\">Curso de iniciaci\u00f3n a la Radioafici\u00f3n inicia el 14 de abril<\/a><\/h2> \n\n\n<h2 style=\"text-align: center;\"><a style=\"color: #0883bd;\" href=\"https:\/\/sistema.lu4aa.org\/legacy\/concursos_envio_de_logs.php\" target=\"_blank\" rel=\"noopener noreferrer\">Concurso Nacional 80 metros - Env\u00edo de log<\/a><\/h2>\n-->\n\n<\/div>\n\n\n\n<h3 class=\"wp-block-heading has-text-align-center\"><\/h3>\n\n\n\n<!-- ULTIMOS POSTS-->\n<div class=\"tx-blog tx-post-row tx-carousel\" data-columns=\"4\"><div class=\"tx-blog-item tx-post-col-4\"><div class=\"tx-border-box\"><div class=\"tx-blog-img\"><a href=\"https:\/\/www.lu4aa.org\/wp\/wp-content\/uploads\/2026\/04\/Banner-Dia-Mundial-del-Radioaficionado.webp\" class=\"tx-colorbox\"><img decoding=\"async\" src=\"https:\/\/www.lu4aa.org\/wp\/wp-content\/uploads\/2026\/04\/Banner-Dia-Mundial-del-Radioaficionado-600x360.webp\" alt=\"\" class=\"blog-image\" \/><\/a><span class=\"tx-post-comm\"><span>0<\/span><\/span><\/div><div class=\"tx-post-content\"><h3 class=\"tx-post-title\"><a href=\"https:\/\/www.lu4aa.org\/wp\/dia-mundial-de-la-radioaficion-2026\/\">Dia Mundial de la Radioafici\u00f3n 2026<\/a><\/h3><div style=\"height: 16px;\"><\/div><div class=\"tx-blog-content\">D\u00eda Mundial de la Radioafici\u00f3n 2026 \u2013 Actividad YOTA El pr\u00f3ximo 18 de abril se celebra un nuevo aniversario de la fundaci\u00f3n de la&nbsp;Uni\u00f3n Internacional de Radioaficionados (IARU), fecha instituida mundialmente como<a class=\"moretag\" href=\"https:\/\/www.lu4aa.org\/wp\/dia-mundial-de-la-radioaficion-2026\/\">Leer m\u00e1s...<\/a><\/div><div class=\"tx-meta\"><span class=\"tx-author\">By : <a href=\"https:\/\/www.lu4aa.org\/wp\/author\/webmaster\/\">Webmaster<\/a><\/span><span class=\"tx-date\"> | Abr 10, 2026<\/span><\/div><\/div><\/div><\/div><div class=\"tx-blog-item tx-post-col-4\"><div class=\"tx-border-box\"><div class=\"tx-blog-img\"><a href=\"https:\/\/www.lu4aa.org\/wp\/wp-content\/uploads\/2026\/04\/Encuentro-de-Radio-Clubes-1.webp\" class=\"tx-colorbox\"><img decoding=\"async\" src=\"https:\/\/www.lu4aa.org\/wp\/wp-content\/uploads\/2026\/04\/Encuentro-de-Radio-Clubes-1-600x360.webp\" alt=\"\" class=\"blog-image\" \/><\/a><span class=\"tx-post-comm\"><span>0<\/span><\/span><\/div><div class=\"tx-post-content\"><h3 class=\"tx-post-title\"><a href=\"https:\/\/www.lu4aa.org\/wp\/encuentro-de-radio-clubes-de-zona-norte-y-oeste-del-gran-buenos-aires\/\">Encuentro de Radio Clubes de Zona Norte y Oeste del Gran Buenos Aires<\/a><\/h3><div style=\"height: 16px;\"><\/div><div class=\"tx-blog-content\">El pasado 28 de marzo de 2026 se realiz\u00f3 el Encuentro de Radio Clubes de Zona Norte y Oeste del Gran Buenos Aires, convocado por el Radio Club Argentino (RCA) y realizado<a class=\"moretag\" href=\"https:\/\/www.lu4aa.org\/wp\/encuentro-de-radio-clubes-de-zona-norte-y-oeste-del-gran-buenos-aires\/\">Leer m\u00e1s...<\/a><\/div><div class=\"tx-meta\"><span class=\"tx-author\">By : <a href=\"https:\/\/www.lu4aa.org\/wp\/author\/webmaster\/\">Webmaster<\/a><\/span><span class=\"tx-date\"> | Abr 9, 2026<\/span><\/div><\/div><\/div><\/div><div class=\"tx-blog-item tx-post-col-4\"><div class=\"tx-border-box\"><div class=\"tx-blog-img\"><a href=\"https:\/\/www.lu4aa.org\/wp\/wp-content\/uploads\/2025\/12\/AFE-SINAGIR-Radioaficion-1024x572.webp\" class=\"tx-colorbox\"><img decoding=\"async\" src=\"https:\/\/www.lu4aa.org\/wp\/wp-content\/uploads\/2025\/12\/AFE-SINAGIR-Radioaficion-scaled-600x360.webp\" alt=\"\" class=\"blog-image\" \/><\/a><span class=\"tx-post-comm\"><span>0<\/span><\/span><\/div><div class=\"tx-post-content\"><h3 class=\"tx-post-title\"><a href=\"https:\/\/www.lu4aa.org\/wp\/la-radioaficion-y-las-comunicaciones-de-emergencia\/\">La Radioafici\u00f3n y las Comunicaciones de Emergencia<\/a><\/h3><div style=\"height: 16px;\"><\/div><div class=\"tx-blog-content\">Los d\u00edas martes 2 y mi\u00e9rcoles 3 de diciembre el Radio Club Argentino particip\u00f3 de una capacitaci\u00f3n brindada por la Agencia Federal de Emergencias (AFE) para Radio Clubes. En dicha capacitaci\u00f3n se<a class=\"moretag\" href=\"https:\/\/www.lu4aa.org\/wp\/la-radioaficion-y-las-comunicaciones-de-emergencia\/\">Leer m\u00e1s...<\/a><\/div><div class=\"tx-meta\"><span class=\"tx-author\">By : <a href=\"https:\/\/www.lu4aa.org\/wp\/author\/webmaster\/\">Webmaster<\/a><\/span><span class=\"tx-date\"> | Dic 17, 2025<\/span><\/div><\/div><\/div><\/div><div class=\"tx-blog-item tx-post-col-4\"><div class=\"tx-border-box\"><div class=\"tx-blog-img\"><a href=\"https:\/\/www.lu4aa.org\/wp\/wp-content\/uploads\/2025\/12\/Mes-YOTA-2025-a-1024x512.webp\" class=\"tx-colorbox\"><img decoding=\"async\" src=\"https:\/\/www.lu4aa.org\/wp\/wp-content\/uploads\/2025\/12\/Mes-YOTA-2025-a-600x360.webp\" alt=\"\" class=\"blog-image\" \/><\/a><span class=\"tx-post-comm\"><span>0<\/span><\/span><\/div><div class=\"tx-post-content\"><h3 class=\"tx-post-title\"><a href=\"https:\/\/www.lu4aa.org\/wp\/diciembre-yota-2025\/\">Diciembre YOTA 2025<\/a><\/h3><div style=\"height: 16px;\"><\/div><div class=\"tx-blog-content\">Este mes de diciembre se llevar\u00e1 a cabo el evento December YOTA Month 2025 organizado por el grupo de trabajo de j\u00f3venes de la Regi\u00f3n 1 de la Uni\u00f3n Internacional de Radioaficionados<a class=\"moretag\" href=\"https:\/\/www.lu4aa.org\/wp\/diciembre-yota-2025\/\">Leer m\u00e1s...<\/a><\/div><div class=\"tx-meta\"><span class=\"tx-author\">By : <a href=\"https:\/\/www.lu4aa.org\/wp\/author\/webmaster\/\">Webmaster<\/a><\/span><span class=\"tx-date\"> | Dic 3, 2025<\/span><\/div><\/div><\/div><\/div><\/div>\n\n\n\n<!-- CUATRO ACCESOS DIRECTOS -->\n<div class=\"tx-row \"><br>\n<div class=\"tx-column tx-column-size-1-3\">\n\t\t\t\t<div class=\"tx-service curved\" style=\"\"><div class=\"tx-service-icon\"><span><i class=\"fa fa-thumbs-up\"><\/i><\/span><\/div><div class=\"tx-service-title\">YOTA Argentina<\/div><div class=\"tx-service-text\">Una iniciativa para los radioaficionados m\u00e1s j\u00f3venes . <a href=\"https:\/\/www.lu4aa.org\/wp\/yota-argentina\/\">M\u00e1s info<\/a>\n\t\t\t\t<\/div><\/div>\n\n\t\t\t<\/div>\t\t\t\n\t\t\t\n\t\t\t<div class=\"tx-column tx-column-size-1-3\">\n\t\t\t\t<div class=\"tx-service curved\" style=\"\"><div class=\"tx-service-icon\"><span><i class=\"fa fa-check-square-o\"><\/i><\/span><\/div><div class=\"tx-service-title\">Asociate al RCA<\/div><div class=\"tx-service-text\"> Hacete socio del RCA y apoy\u00e1 a la Sociedad Nacional. <a href=\"https:\/\/www.lu4aa.org\/wp\/asociarse\/\">M\u00e1s infor<\/a>\n\t\t\t\t<\/div><\/div>\n<\/div>\n<div class=\"tx-column tx-column-size-1-3\">\n\t\t\t\t<div class=\"tx-service curved\" style=\"\"><div class=\"tx-service-icon\"><span><i class=\"fa fa-search\"><\/i><\/span><\/div><div class=\"tx-service-title\">Cursos 2026<\/div><div class=\"tx-service-text\">Si te interesa la radioafici\u00f3n, nuestro pr\u00f3ximo curso introductorio comenzar\u00e1 en agosto de 2026. <a href=\"https:\/\/www.lu4aa.org\/wp\/curso-inicio\/\" target=\"_blank\" rel=\"noopener noreferrer\">M\u00e1s info<\/a>\n                                <\/div><\/div>\n\n\t\t\t\t\t\t<\/div>\n\t\t        <div class=\"tx-column tx-column-size-1-3\">\n\t\t\t\t<div class=\"tx-service curved\" style=\"\"><div class=\"tx-service-icon\"><span><i class=\"fa fa-thumbs-up\"><\/i><\/span><\/div><div class=\"tx-service-title\">Examen Ascenso<\/div><div class=\"tx-service-text\">Si quer\u00e9s rendir el examen de ascenso en el RCA en diciembre de 2026 preinscribite en <a href=\"https:\/\/forms.gle\/8cxLe92Sv3DqUM3K8\">Preinscripci\u00f3n<\/a>\n\t\t\t\t<\/div><\/div>\n\n\t\t\t<\/div>\n\t\t\t<div class=\"tx-column tx-column-size-1-3\">\n\t\t\t\t<div class=\"tx-service curved\" style=\"\"><div class=\"tx-service-icon\"><span><i class=\"fa fa-flash\"><\/i><\/span><\/div><div class=\"tx-service-title\">Seguro de Antenas<\/div><div class=\"tx-service-text\">Si necesit\u00e1s asegurar tus antenas, este seguro te brinda la cobertura de riesgo de responsabilidad civil y por da\u00f1os al sistema irradiante. Exclusivo para socios. <a href=\" https:\/\/www.lu4aa.org\/wp\/seguro-de-antenas\/\">M\u00e1s info<\/a>\n\t\t\t\t<\/div><\/div>\n\n\t\t\t<\/div>\n\t\t\t\n\t\t\t<div class=\"tx-column tx-column-size-1-3\">\n\t\t\t\t<div class=\"tx-service curved\" style=\"\"><div class=\"tx-service-icon\"><span><i class=\"fa fa-file-o\"><\/i><\/span><\/div><div class=\"tx-service-title\">Tr\u00e1mites ENACOM<\/div><div class=\"tx-service-text\">A trav\u00e9s del RCA pod\u00e9s realizar todos los tr\u00e1mites ante el ENACOM. No es necesario concurrir a nuestra sede, pod\u00e9s hacerlo a trav\u00e9s del correo electr\u00f3nico y recibirlo de la misma forma al finalizar. <a href=\"https:\/\/www.lu4aa.org\/wp\/tramites-enacom\/\">M\u00e1s info<\/a>\n\t\t\t\t<\/div><\/div>\n\n\t\t\t<\/div>\n\t\t<\/div>\n\n\n\n<hr class=\"wp-block-separator has-css-opacity\"\/>\n\n\n\n<!-- BANNER RCA PREVIO AL FOOTER -->\n<p style=\"text-align: center;\"><a href=\"https:\/\/www.lu4aa.org\/wp\/wp-content\/uploads\/2015\/04\/logo.png\" rel=\"attachment wp-att-1012\"><img loading=\"lazy\" decoding=\"async\" class=\" wp-image-1012 aligncenter\" src=\"https:\/\/www.lu4aa.org\/wp\/wp-content\/uploads\/2015\/04\/logo.png\" alt=\"logo\" width=\"550\" height=\"89\"><\/a><em>Entidad de bien p\u00fablico fundada el 21 de octubre de 1921. Personer\u00eda Jur\u00eddica N\u00ba 647 del 9 de noviembre de 1923. Registro Nacional de Organizaciones de la Comunidad (CENOC) N\u00ba 9856.<\/em><\/p>\n\n\n\n<p><\/p>\n","protected":false},"excerpt":{"rendered":"<p>Entidad de bien p\u00fablico fundada el 21 de octubre de 1921. Personer\u00eda Jur\u00eddica N\u00ba 647 del 9 de noviembre de 1923. Registro Nacional de Organizaciones de la Comunidad (CENOC) N\u00ba 9856.<\/p>\n","protected":false},"author":4,"featured_media":0,"parent":0,"menu_order":0,"comment_status":"closed","ping_status":"closed","template":"page-sidebar.php","meta":{"ngg_post_thumbnail":0,"footnotes":""},"class_list":["post-1008","page","type-page","status-publish","hentry"],"_links":{"self":[{"href":"https:\/\/www.lu4aa.org\/wp\/wp-json\/wp\/v2\/pages\/1008","targetHints":{"allow":["GET"]}}],"collection":[{"href":"https:\/\/www.lu4aa.org\/wp\/wp-json\/wp\/v2\/pages"}],"about":[{"href":"https:\/\/www.lu4aa.org\/wp\/wp-json\/wp\/v2\/types\/page"}],"author":[{"embeddable":true,"href":"https:\/\/www.lu4aa.org\/wp\/wp-json\/wp\/v2\/users\/4"}],"replies":[{"embeddable":true,"href":"https:\/\/www.lu4aa.org\/wp\/wp-json\/wp\/v2\/comments?post=1008"}],"version-history":[{"count":69,"href":"https:\/\/www.lu4aa.org\/wp\/wp-json\/wp\/v2\/pages\/1008\/revisions"}],"predecessor-version":[{"id":26891,"href":"https:\/\/www.lu4aa.org\/wp\/wp-json\/wp\/v2\/pages\/1008\/revisions\/26891"}],"wp:attachment":[{"href":"https:\/\/www.lu4aa.org\/wp\/wp-json\/wp\/v2\/media?parent=1008"}],"curies":[{"name":"wp","href":"https:\/\/api.w.org\/{rel}","templated":true}]}}